{"id":103,"date":"2023-01-17T12:23:56","date_gmt":"2023-01-17T12:23:56","guid":{"rendered":"http:\/\/majsterkowanie.edu.pl\/?page_id=103"},"modified":"2026-03-24T10:24:32","modified_gmt":"2026-03-24T10:24:32","slug":"terminarz","status":"publish","type":"page","link":"https:\/\/majsterkowanie.edu.pl\/index.php\/terminarz\/","title":{"rendered":"TERMINARZ"},"content":{"rendered":"\n<p class=\"has-text-align-left\">Poni\u017cej terminy regularnych zaj\u0119\u0107 w szko\u0142ach w Krakowie i My\u015blenicach. <br>Zaj\u0119cia odbywaj\u0105 si\u0119, w ka\u017cdej szkole, raz w tygodniu, \u015brednio cztery razy w miesi\u0105cu. <br>(Je\u015bli w szkole s\u0105 dwa terminy to zwykle dla r\u00f3\u017cnych klas, ale ka\u017cda ma raz w tygodniu) <br><br><strong>Je\u015bli pogoda kiedy\u015b dopisze i wreszcie przestanie pada\u0107 to w najbli\u017csz\u0105 sobot\u0119 robimy wycieczk\u0119 na zapoznanie siebie i po\u017cegnanie lata \ud83d\ude09 <\/strong><br>w planie: jaskinie, ognisko, kie\u0142baski, pytania na temat zaj\u0119\u0107 do prowadz\u0105cych \ud83d\ude09 <br><br><strong>Szko\u0142a Podstawowa nr 157 w Krakowie im. Ignacego Jana Paderewskiego<\/strong><br>termin zaj\u0119\u0107 poniedzia\u0142ek 14.30, zaczynamy 29.09.2025, sala 3B w podziemiach szko\u0142y<br><br><strong>Szko\u0142a Podstawowa nr 41 w Krakowie im. Jana Kochanowskiego<\/strong><br>termin zaj\u0119\u0107 czwartek 12.45, zaczynamy 02.10.2025, sala 24 na pierwszym pi\u0119trze<\/p>\n\n\n\n<p class=\"has-text-align-left\"><strong>Szko\u0142a Podstawowa nr 24 w Krakowie im. stra\u017cy Po\u017carnej<\/strong><br>termin zaj\u0119\u0107 czwartek 14.00, zaczynamy 02.10.2025, sala 25 w podziemiach du\u017cej szko\u0142y <br><br><strong>Szko\u0142a Podstawowa nr 56 im. Tadeusza Rejtana w Krakowie<\/strong><br>termin zaj\u0119\u0107 \u015broda 14.30, zaczynamy 01.10.2025, sale na drugim pi\u0119trze<br><br><strong>Szko\u0142a Podstawowa nr 55 w Krakowie im. Jaros\u0142awa Iwaszkiewicza<\/strong><br>termin zaj\u0119\u0107: \u015broda 13.30, zaczynamy 01.10.2025 (\u015broda), sala 204 <br><br><strong>Szko\u0142a Podstawowa nr 66 w Krakowie im. Edwarda Dembowskiego<\/strong><br>zbieramy grup\u0119, wst\u0119pny termin zaj\u0119\u0107 pi\u0105tek 15.30, (ewentualnie pi\u0105tek 14.45 je\u015bli wszystkim b\u0119dzie pasowa\u0142o)<br><br><strong>Szko\u0142a Podstawowa nr 53 w Krakowie im. gen. J.H. D\u0105browskiego<\/strong><br>termin zaj\u0119\u0107: pi\u0105tek 14:00 sala 208, zaczynamy 03.10.2025 <br><br><strong>Szko\u0142a Podstawowa nr 40 im. \u015bw. Stanis\u0142awa Biskupa i M\u0119czennika w Krakowie<\/strong><br><br><strong>Szko\u0142a Podstawowa nr 149 w Krakowie im. Marsza\u0142ka J\u00f3zefa Pi\u0142sudskiego<\/strong> <br>zapraszamy na zaj\u0119cia do naszej pracowni przy ulicy Wys\u0142ouch\u00f3w &#8211; \u015broda 17.00 <br><br><strong>Szko\u0142a Podstawowa nr 162 im. W\u0142adys\u0142awa Szafera<\/strong><br>zapraszamy na zaj\u0119cia do naszej pracowni przy ulicy Wys\u0142ouch\u00f3w &#8211; \u015broda 17.00<\/p>\n\n\n\n<p><strong>Szko\u0142a Podstawowa nr 111 w Krakowie im. Wojska Polskiego<\/strong><br>zapraszamy do Klubu Zach\u0119ta w sp\u00f3\u0142dzielni mieszkaniowej Nowy Prokocim &#8211; czwartek 16.00 <br><br><strong>Szko\u0142a Podstawowa nr 62 im. kmdr. por. F. D\u0105browskiego<\/strong><br><br><strong>Szko\u0142a Podstawowa nr 72 im Teofila Lenartowicza<\/strong> <br>terminy zaj\u0119\u0107 wtorek: 13.45 i 15.40, sala 11, zaczynamy 30.09.2025<br><br><strong>Szko\u0142a Podstawowa nr 32 im. Karola Chodkiewicza<\/strong><br>zbieramy grup\u0119, <br><br><strong>Szko\u0142a Podstawowa nr 31 im dr. Henryka Jordana<\/strong><br>zbieramy grup\u0119 <br><br><strong>Szko\u0142a Podstawowa nr 12 im. Jerzego Korczaka<\/strong><br>zbieramy grup\u0119 <br><br><strong>Neo Montessori School w My\u015blenicach<\/strong> <br>\u015brody 14.10 oraz 15.00 <br>Zaczynamy 08.10.2025 \u015broda <br><br>Wszystkich ch\u0119tnych na zaj\u0119cia prosimy o wcze\u015bniejszy kontakt celem zapisania si\u0119 do grupy. <br>W tre\u015bci zg\u0142oszenia prosimy o informacje: szko\u0142a\/imi\u0119\/nazwisko\/klasa (dziecka) oraz dane kontaktowe opiekuna.<br>Na cotygodniowe zaj\u0119cia nie trzeba nic przygotowywa\u0107 i przynosi\u0107. Zalecany niezbyt od\u015bwi\u0119tny ubi\u00f3r, kt\u00f3ry mo\u017cna poplami\u0107, poklei\u0107 itp.<\/p>\n","protected":false},"excerpt":{"rendered":"<p>Poni\u017cej terminy regularnych zaj\u0119\u0107 w szko\u0142ach w Krakowie i My\u015blenicach. Zaj\u0119cia odbywaj\u0105 si\u0119, w ka\u017cdej szkole, raz w tygodniu, \u015brednio cztery razy w miesi\u0105cu. (Je\u015bli w szkole s\u0105 dwa terminy to zwykle dla r\u00f3\u017cnych klas, ale ka\u017cda ma raz w tygodniu) Je\u015bli pogoda kiedy\u015b dopisze i wreszcie przestanie pada\u0107 to w najbli\u017csz\u0105 sobot\u0119 robimy wycieczk\u0119&hellip;&nbsp;<a href=\"https:\/\/majsterkowanie.edu.pl\/index.php\/terminarz\/\" class=\"\" rel=\"bookmark\">Czytaj dalej &raquo;<span class=\"screen-reader-text\">TERMINARZ<\/span><\/a><\/p>\n","protected":false},"author":1,"featured_media":0,"parent":0,"menu_order":0,"comment_status":"closed","ping_status":"closed","template":"","meta":{"neve_meta_sidebar":"","neve_meta_container":"","neve_meta_enable_content_width":"","neve_meta_content_width":0,"neve_meta_title_alignment":"","neve_meta_author_avatar":"","neve_post_elements_order":"","neve_meta_disable_header":"","neve_meta_disable_footer":"","neve_meta_disable_title":"","footnotes":""},"class_list":["post-103","page","type-page","status-publish","hentry"],"yoast_head":"<!-- This site is optimized with the Yoast SEO plugin v20.4 - https:\/\/yoast.com\/wordpress\/plugins\/seo\/ -->\n<title>TERMINARZ - MAJSTERKOWANIE.edu.pl<\/title>\n<meta name=\"robots\" content=\"index, follow, max-snippet:-1, max-image-preview:large, max-video-preview:-1\" \/>\n<link rel=\"canonical\" href=\"https:\/\/majsterkowanie.edu.pl\/index.php\/terminarz\/\" \/>\n<meta property=\"og:locale\" content=\"pl_PL\" \/>\n<meta property=\"og:type\" content=\"article\" \/>\n<meta property=\"og:title\" content=\"TERMINARZ - MAJSTERKOWANIE.edu.pl\" \/>\n<meta property=\"og:description\" content=\"Poni\u017cej terminy regularnych zaj\u0119\u0107 w szko\u0142ach w Krakowie i My\u015blenicach. Zaj\u0119cia odbywaj\u0105 si\u0119, w ka\u017cdej szkole, raz w tygodniu, \u015brednio cztery razy w miesi\u0105cu. (Je\u015bli w szkole s\u0105 dwa terminy to zwykle dla r\u00f3\u017cnych klas, ale ka\u017cda ma raz w tygodniu) Je\u015bli pogoda kiedy\u015b dopisze i wreszcie przestanie pada\u0107 to w najbli\u017csz\u0105 sobot\u0119 robimy wycieczk\u0119&hellip;&nbsp;Czytaj dalej &raquo;TERMINARZ\" \/>\n<meta property=\"og:url\" content=\"https:\/\/majsterkowanie.edu.pl\/index.php\/terminarz\/\" \/>\n<meta property=\"og:site_name\" content=\"MAJSTERKOWANIE.edu.pl\" \/>\n<meta property=\"article:modified_time\" content=\"2026-03-24T10:24:32+00:00\" \/>\n<meta name=\"twitter:card\" content=\"summary_large_image\" \/>\n<meta name=\"twitter:label1\" content=\"Szacowany czas czytania\" \/>\n\t<meta name=\"twitter:data1\" content=\"3 minuty\" \/>\n<script type=\"application\/ld+json\" class=\"yoast-schema-graph\">{\"@context\":\"https:\/\/schema.org\",\"@graph\":[{\"@type\":\"WebPage\",\"@id\":\"https:\/\/majsterkowanie.edu.pl\/index.php\/terminarz\/\",\"url\":\"https:\/\/majsterkowanie.edu.pl\/index.php\/terminarz\/\",\"name\":\"TERMINARZ - MAJSTERKOWANIE.edu.pl\",\"isPartOf\":{\"@id\":\"http:\/\/majsterkowanie.edu.pl\/#website\"},\"datePublished\":\"2023-01-17T12:23:56+00:00\",\"dateModified\":\"2026-03-24T10:24:32+00:00\",\"breadcrumb\":{\"@id\":\"https:\/\/majsterkowanie.edu.pl\/index.php\/terminarz\/#breadcrumb\"},\"inLanguage\":\"pl-PL\",\"potentialAction\":[{\"@type\":\"ReadAction\",\"target\":[\"https:\/\/majsterkowanie.edu.pl\/index.php\/terminarz\/\"]}]},{\"@type\":\"BreadcrumbList\",\"@id\":\"https:\/\/majsterkowanie.edu.pl\/index.php\/terminarz\/#breadcrumb\",\"itemListElement\":[{\"@type\":\"ListItem\",\"position\":1,\"name\":\"Strona g\u0142\u00f3wna\",\"item\":\"http:\/\/majsterkowanie.edu.pl\/\"},{\"@type\":\"ListItem\",\"position\":2,\"name\":\"TERMINARZ\"}]},{\"@type\":\"WebSite\",\"@id\":\"http:\/\/majsterkowanie.edu.pl\/#website\",\"url\":\"http:\/\/majsterkowanie.edu.pl\/\",\"name\":\"MAJSTERKOWANIE.edu.pl\",\"description\":\"kreatywne zaj\u0119cia dla dzieci\",\"publisher\":{\"@id\":\"http:\/\/majsterkowanie.edu.pl\/#organization\"},\"potentialAction\":[{\"@type\":\"SearchAction\",\"target\":{\"@type\":\"EntryPoint\",\"urlTemplate\":\"http:\/\/majsterkowanie.edu.pl\/?s={search_term_string}\"},\"query-input\":\"required name=search_term_string\"}],\"inLanguage\":\"pl-PL\"},{\"@type\":\"Organization\",\"@id\":\"http:\/\/majsterkowanie.edu.pl\/#organization\",\"name\":\"MAJSTERKOWANIE.edu.pl\",\"url\":\"http:\/\/majsterkowanie.edu.pl\/\",\"logo\":{\"@type\":\"ImageObject\",\"inLanguage\":\"pl-PL\",\"@id\":\"http:\/\/majsterkowanie.edu.pl\/#\/schema\/logo\/image\/\",\"url\":\"https:\/\/majsterkowanie.edu.pl\/wp-content\/uploads\/2023\/01\/narzedzia.png\",\"contentUrl\":\"https:\/\/majsterkowanie.edu.pl\/wp-content\/uploads\/2023\/01\/narzedzia.png\",\"width\":130,\"height\":130,\"caption\":\"MAJSTERKOWANIE.edu.pl\"},\"image\":{\"@id\":\"http:\/\/majsterkowanie.edu.pl\/#\/schema\/logo\/image\/\"}}]}<\/script>\n<!-- \/ Yoast SEO plugin. -->","yoast_head_json":{"title":"TERMINARZ - MAJSTERKOWANIE.edu.pl","robots":{"index":"index","follow":"follow","max-snippet":"max-snippet:-1","max-image-preview":"max-image-preview:large","max-video-preview":"max-video-preview:-1"},"canonical":"https:\/\/majsterkowanie.edu.pl\/index.php\/terminarz\/","og_locale":"pl_PL","og_type":"article","og_title":"TERMINARZ - MAJSTERKOWANIE.edu.pl","og_description":"Poni\u017cej terminy regularnych zaj\u0119\u0107 w szko\u0142ach w Krakowie i My\u015blenicach. Zaj\u0119cia odbywaj\u0105 si\u0119, w ka\u017cdej szkole, raz w tygodniu, \u015brednio cztery razy w miesi\u0105cu. (Je\u015bli w szkole s\u0105 dwa terminy to zwykle dla r\u00f3\u017cnych klas, ale ka\u017cda ma raz w tygodniu) Je\u015bli pogoda kiedy\u015b dopisze i wreszcie przestanie pada\u0107 to w najbli\u017csz\u0105 sobot\u0119 robimy wycieczk\u0119&hellip;&nbsp;Czytaj dalej &raquo;TERMINARZ","og_url":"https:\/\/majsterkowanie.edu.pl\/index.php\/terminarz\/","og_site_name":"MAJSTERKOWANIE.edu.pl","article_modified_time":"2026-03-24T10:24:32+00:00","twitter_card":"summary_large_image","twitter_misc":{"Szacowany czas czytania":"3 minuty"},"schema":{"@context":"https:\/\/schema.org","@graph":[{"@type":"WebPage","@id":"https:\/\/majsterkowanie.edu.pl\/index.php\/terminarz\/","url":"https:\/\/majsterkowanie.edu.pl\/index.php\/terminarz\/","name":"TERMINARZ - MAJSTERKOWANIE.edu.pl","isPartOf":{"@id":"http:\/\/majsterkowanie.edu.pl\/#website"},"datePublished":"2023-01-17T12:23:56+00:00","dateModified":"2026-03-24T10:24:32+00:00","breadcrumb":{"@id":"https:\/\/majsterkowanie.edu.pl\/index.php\/terminarz\/#breadcrumb"},"inLanguage":"pl-PL","potentialAction":[{"@type":"ReadAction","target":["https:\/\/majsterkowanie.edu.pl\/index.php\/terminarz\/"]}]},{"@type":"BreadcrumbList","@id":"https:\/\/majsterkowanie.edu.pl\/index.php\/terminarz\/#breadcrumb","itemListElement":[{"@type":"ListItem","position":1,"name":"Strona g\u0142\u00f3wna","item":"http:\/\/majsterkowanie.edu.pl\/"},{"@type":"ListItem","position":2,"name":"TERMINARZ"}]},{"@type":"WebSite","@id":"http:\/\/majsterkowanie.edu.pl\/#website","url":"http:\/\/majsterkowanie.edu.pl\/","name":"MAJSTERKOWANIE.edu.pl","description":"kreatywne zaj\u0119cia dla dzieci","publisher":{"@id":"http:\/\/majsterkowanie.edu.pl\/#organization"},"potentialAction":[{"@type":"SearchAction","target":{"@type":"EntryPoint","urlTemplate":"http:\/\/majsterkowanie.edu.pl\/?s={search_term_string}"},"query-input":"required name=search_term_string"}],"inLanguage":"pl-PL"},{"@type":"Organization","@id":"http:\/\/majsterkowanie.edu.pl\/#organization","name":"MAJSTERKOWANIE.edu.pl","url":"http:\/\/majsterkowanie.edu.pl\/","logo":{"@type":"ImageObject","inLanguage":"pl-PL","@id":"http:\/\/majsterkowanie.edu.pl\/#\/schema\/logo\/image\/","url":"https:\/\/majsterkowanie.edu.pl\/wp-content\/uploads\/2023\/01\/narzedzia.png","contentUrl":"https:\/\/majsterkowanie.edu.pl\/wp-content\/uploads\/2023\/01\/narzedzia.png","width":130,"height":130,"caption":"MAJSTERKOWANIE.edu.pl"},"image":{"@id":"http:\/\/majsterkowanie.edu.pl\/#\/schema\/logo\/image\/"}}]}},"_links":{"self":[{"href":"https:\/\/majsterkowanie.edu.pl\/index.php\/wp-json\/wp\/v2\/pages\/103","targetHints":{"allow":["GET"]}}],"collection":[{"href":"https:\/\/majsterkowanie.edu.pl\/index.php\/wp-json\/wp\/v2\/pages"}],"about":[{"href":"https:\/\/majsterkowanie.edu.pl\/index.php\/wp-json\/wp\/v2\/types\/page"}],"author":[{"embeddable":true,"href":"https:\/\/majsterkowanie.edu.pl\/index.php\/wp-json\/wp\/v2\/users\/1"}],"replies":[{"embeddable":true,"href":"https:\/\/majsterkowanie.edu.pl\/index.php\/wp-json\/wp\/v2\/comments?post=103"}],"version-history":[{"count":110,"href":"https:\/\/majsterkowanie.edu.pl\/index.php\/wp-json\/wp\/v2\/pages\/103\/revisions"}],"predecessor-version":[{"id":781,"href":"https:\/\/majsterkowanie.edu.pl\/index.php\/wp-json\/wp\/v2\/pages\/103\/revisions\/781"}],"wp:attachment":[{"href":"https:\/\/majsterkowanie.edu.pl\/index.php\/wp-json\/wp\/v2\/media?parent=103"}],"curies":[{"name":"wp","href":"https:\/\/api.w.org\/{rel}","templated":true}]}}