{"id":233,"date":"2023-04-16T22:17:59","date_gmt":"2023-04-16T22:17:59","guid":{"rendered":"http:\/\/majsterkowanie.edu.pl\/?page_id=233"},"modified":"2025-08-31T15:54:51","modified_gmt":"2025-08-31T15:54:51","slug":"faq","status":"publish","type":"page","link":"https:\/\/majsterkowanie.edu.pl\/index.php\/faq\/","title":{"rendered":"FAQ"},"content":{"rendered":"\n<p> Poni\u017cej najcz\u0119\u015bciej zadawane pytania i odpowiedzi na nie. Je\u015bli masz inne pytania zapraszamy do kontaktu.<\/p>\n\n\n<!doctype html>\n<html>\n<head>\n<meta charset=\"utf-8\">\n<title>CSS Accordion<\/title>\n<style>\ninput {\n    display: none;\n}\n\nlabel {\n    display: block;    \n    padding: 1px 1px 10px 1px; \/*umiejscowienie w polu okalaj\u0105cym pytanie i odpowied\u017a*\/\n                               \/*g\u00f3ra, prawo, d\u00f3\u0142, lewo*\/\n    margin: 1px 1px 1px 1px; \/*marginesy dooko\u0142a pytania*\/\n    cursor: pointer;\n    background: #FCAF3B; \/*kolor t\u0142a ca\u0142ego pytania i odpowiedzi*\/\n    border-radius: 3px;\n    color: #7E460E; \/*kolor czcionki zapytania*\/ \n    transition: ease .5s;\n}\n\nlabel:hover {\n    background: #DC9B51; \/*kolor po najechaniu na pytanie ale te\u017c ramki do w\u0142asnego pytania*\/\n}\n.content {\n    background: #FCAF3B; \/*kolor t\u0142a odpowiedzi*\/\n    padding: 10px 10px 10px 10px;\n    border: 2px solid #7E460E; \/*pojawiaj\u0105ca si\u0119 ramka odpowiedzi*\/\n    margin: 10px 10px 10px 10px;\n    border-radius: 3px;\n}\n\ninput + label + .content {\n    display: none;\n}\n\ninput:checked + label + .content {\n    display: block;\n}\n<\/style>\n<\/head>\n<body>\n\n<input type=\"checkbox\" id=\"title1\" \/>\n<label for=\"title1\">Jakie s\u0105 tematy zaj\u0119\u0107?<\/label>\n<div class=\"content\">\n<p>Tematy zaj\u0119\u0107 s\u0105 bardzo r\u00f3\u017cne, czasem bardziej plastyczne (malujemy, kleimy, rze\u017abimy) a czasem techniczne (zbijamy, wiercimy, skr\u0119camy) a czasem bardziej naukowe i robimy eksperymenty z chemii i fizyki. Pracujemy bardzo r\u00f3\u017cnymi narz\u0119dziami z bardzo r\u00f3\u017cnymi materia\u0142ami.<\/p>\n<\/div>\n\n<input type=\"checkbox\" id=\"title2\" \/>\n<label for=\"title2\">Na czym polega kreatywno\u015b\u0107 zaj\u0119\u0107?<\/label>\n<div class=\"content\">\n<p>Majsterkowanie to zaj\u0119cia bardzo kreatywne poniewa\u017c dajemy dzieciom bardzo du\u017c\u0105 mo\u017cliwo\u015b\u0107 swobodnego wykorzystania narz\u0119dzi i materia\u0142\u00f3w, kt\u00f3re przynosimy wed\u0142ug pomys\u0142\u00f3w dzieci.\nNa wi\u0119kszo\u015bci zaj\u0119\u0107 mamy temat, kt\u00f3ry mo\u017cna zrobi\u0107 wed\u0142ug naszej wizji lub wed\u0142ug wizji dziecka lub zrobi\u0107 co\u015b ca\u0142kiem innego z dost\u0119pnych materia\u0142\u00f3w i narz\u0119dzi.<\/p>\n<\/div>\n\n<input type=\"checkbox\" id=\"title3\" \/>\n<label for=\"title3\">Czy prace mo\u017cna sobie zabra\u0107?<\/label>\n<div class=\"content\">\n<p>Oczywi\u015bcie! Na wi\u0119kszo\u015bci zaj\u0119\u0107 przynosimy materia\u0142y z kt\u00f3rych dzieci co\u015b konstruuj\u0105\na na koniec prac mog\u0105 zabra\u0107 swoje konstrukcje do domu.<\/p>\n<\/div>\n\n<input type=\"checkbox\" id=\"title4\" \/>\n<label for=\"title4\">Jak zapisa\u0107 si\u0119 na zaj\u0119cia?<\/label>\n<div class=\"content\">\n<p>Najlepiej przez sms: wysy\u0142aj\u0105c wiadomo\u015b\u0107 na nasz numer: 735-061-555. W tre\u015bci trzeba wyrazi\u0107 ch\u0119\u0107 zapisania na zaj\u0119cia z majsterkowania, wpisa\u0107 imi\u0119, nazwisko, klas\u0119, szko\u0142\u0119 dziecka oraz si\u0119 podpisa\u0107.\nNp.: Prosz\u0119 o zapisanie na zaj\u0119cia z majsterkowania w Akademii Pana Kleksa, mojej c\u00f3rki Ady Niezg\u00f3dki, ojciec &#8211; Ada\u015b Niezg\u00f3dka, dzi\u0119kuj\u0119 i pozdrawiam.<\/p>\n<\/div>\n\n<input type=\"checkbox\" id=\"title5\" \/>\n<label for=\"title5\">Ile kosztuj\u0105 zaj\u0119cia z majsterkowania?<\/label>\n<div class=\"content\">\n<p>Aktualnie (rok szkolny 2024\/25) koszt zaj\u0119\u0107 to 160z\u0142 miesi\u0119cznie.\u00a0 Miesi\u0119cznie prowadzimy \u015brednio cztery zaj\u0119cia (w niekt\u00f3rych miesi\u0105cach wi\u0119cej lub mniej) W miesi\u0105cu styczniu, ze wzgl\u0119du na ferie, obowi\u0105zuje po\u0142owa stawki czyli 80z\u0142.\nW przypadku rodze\u0144stw uczestnicz\u0105cych w zaj\u0119ciach oferujemy zni\u017cki.<\/p>\n<\/div>\n\n<input type=\"checkbox\" id=\"title6\" \/>\n<label for=\"title6\">Czy zaj\u0119cia s\u0105 drogie?<\/label>\n<div class=\"content\">\n<p>Raczej nie, cena jest por\u00f3wnywalna do innych kreatywnych zaj\u0119\u0107,\na bior\u0105c pod uwag\u0119 ilo\u015b\u0107 i koszt narz\u0119dzi i materia\u0142\u00f3w, kt\u00f3rych u\u017cywamy i zu\u017cywamy na zaj\u0119ciach,\noraz fakt \u017ce pracujemy w ma\u0142ych grupach zaj\u0119cia s\u0105 niewiarygodnie tanie.<\/p>\n<\/div>\n\n<input type=\"checkbox\" id=\"title7\" \/>\n<label for=\"title7\">Jak dokona\u0107 op\u0142aty za zaj\u0119cia?<\/label>\n<div class=\"content\">\n<p>P\u0142atno\u015bci mo\u017cna dokona\u0107 z g\u00f3ry na pocz\u0105tku miesi\u0105ca :\n&#8211; got\u00f3wk\u0105 &#8211; w naszej siedzibie, po wcze\u015bniejszym um\u00f3wieniu\n&#8211; przelewem &#8211; na nasz rachunek, kt\u00f3rego numer jest w wiadomo\u015bciach sms od nas<\/p>\n<\/div>\n\n<input type=\"checkbox\" id=\"title8\" \/>\n<label for=\"title8\">Co z nieobecno\u015bciami na zaj\u0119ciach? Czy jest zwrot op\u0142aty?<\/label>\n<div class=\"content\">\n<p>\u2013 op\u0142ata miesi\u0119czna jest sta\u0142a niezale\u017cnie od frekwencji (jak przy innych zaj\u0119ciach pozalekcyjnych)\nJednak je\u015bli dziecko nie by\u0142o na zaj\u0119ciach mo\u017ce je \u201eodrobi\u0107\u201d w innej szkole, w kt\u00f3rej prowadzimy zaj\u0119cia. Informacje znajdziesz tutaj. Prosimy o wcze\u015bniejsz\u0105 informacj\u0119.\n&#8211; w przypadku d\u0142ugiej usprawiedliwionej nieobecno\u015bci np. pobyt w szpitalu op\u0142at\u0119 ustalamy indywidualnie<\/p>\n<\/div>\n\n<input type=\"checkbox\" id=\"title9\" \/>\n<label for=\"title9\">Jak przygotowa\u0107 si\u0119 na zaj\u0119cia z majsterkowania? <\/label>\n<div class=\"content\">\n<p>Zalecamy ubranka wygodne i \u201erobocze\u201d kt\u00f3re na zaj\u0119ciach mog\u0105 ulec ubrudzeniu i drobnymi uszkodzeniom, g\u0142\u00f3wnie ubrudzenie farb\u0105 i klejami\n\nWszystkie potrzebne narz\u0119dzia i materia\u0142y zapewniamy my.<\/p>\n<\/div>\n\n<input type=\"checkbox\" id=\"title10\" \/>\n<label for=\"title10\">Jakich narz\u0119dzi u\u017cywamy na zaj\u0119ciach?<\/label>\n<div class=\"content\">\n<p>Jednym z cel\u00f3w zaj\u0119\u0107 jest zapoznanie dzieci z r\u00f3\u017cnymi narz\u0119dziami i pos\u0142ugiwaniem si\u0119 nimi.\nDlatego na zaj\u0119cia przynosimy bardzo du\u017co narz\u0119dzi plastycznych i technicznych.\nU\u017cywamy o\u0142\u00f3wk\u00f3w, kredek, pisak\u00f3w, p\u0119dzli, m\u0142otk\u00f3w, szczypiec, obc\u0119g\u00f3w, metr\u00f3w, wkr\u0119tak\u00f3w, wiertarek i wielu innych. W razie trudno\u015bci prowadz\u0105cy pomaga.<\/p>\n<\/div>\n\n<input type=\"checkbox\" id=\"title11\" \/>\n<label for=\"title11\">Czy zaj\u0119cia s\u0105 bezpieczne?<\/label>\n<div class=\"content\">\n<p>Zaj\u0119cia s\u0105 bezpieczne i nie mieli\u015bmy powa\u017cnych wypadk\u00f3w. Prowadz\u0105cy pomaga dzieciom i je\u015bli trzeba to u\u017cywa za nie narz\u0119dzi. Jednak zdarzaj\u0105 si\u0119 drobne wpadki, poniewa\u017c trudno nauczy\u0107 wbijania gwo\u017adzi bez ryzyka uderzenia m\u0142otkiem.<\/p>\n<\/div>\n\n<\/body>\n<\/html>\n\n<p><\/p>\n\n<div class=\"wpcf7 no-js\" id=\"wpcf7-f495-o1\" lang=\"pl-PL\" dir=\"ltr\" data-wpcf7-id=\"495\">\n<div class=\"screen-reader-response\"><p role=\"status\" aria-live=\"polite\" aria-atomic=\"true\"><\/p> <ul><\/ul><\/div>\n<form action=\"\/index.php\/wp-json\/wp\/v2\/pages\/233#wpcf7-f495-o1\" method=\"post\" class=\"wpcf7-form init\" aria-label=\"Formularz kontaktowy\" novalidate=\"novalidate\" data-status=\"init\">\n<div style=\"display: none;\">\n<input type=\"hidden\" name=\"_wpcf7\" value=\"495\" \/>\n<input type=\"hidden\" name=\"_wpcf7_version\" value=\"6.0.4\" \/>\n<input type=\"hidden\" name=\"_wpcf7_locale\" value=\"pl_PL\" \/>\n<input type=\"hidden\" name=\"_wpcf7_unit_tag\" value=\"wpcf7-f495-o1\" \/>\n<input type=\"hidden\" name=\"_wpcf7_container_post\" value=\"0\" \/>\n<input type=\"hidden\" name=\"_wpcf7_posted_data_hash\" value=\"\" \/>\n<\/div>\n<p><label> <b> Twoje pytanie do wys\u0142ania: <\/b><br \/>\n<span class=\"wpcf7-form-control-wrap\" data-name=\"your-message\"><textarea cols=\"40\" rows=\"10\" maxlength=\"2000\" class=\"wpcf7-form-control wpcf7-textarea\" aria-invalid=\"false\" name=\"your-message\"><\/textarea><\/span> <\/label>\n<\/p>\n<p><label> <b> Tw\u00f3j adres e-mail do odpowiedzi: <\/b><br \/>\n<span class=\"wpcf7-form-control-wrap\" data-name=\"your-email\"><input size=\"40\" maxlength=\"400\" class=\"wpcf7-form-control wpcf7-email wpcf7-validates-as-required wpcf7-text wpcf7-validates-as-email\" autocomplete=\"email\" aria-required=\"true\" aria-invalid=\"false\" value=\"\" type=\"email\" name=\"your-email\" \/><\/span> <\/label>\n<\/p>\n<p><input class=\"wpcf7-form-control wpcf7-submit has-spinner\" type=\"submit\" value=\"Wy\u015blij swoje pytanie\" \/>\n<\/p><div class=\"wpcf7-response-output\" aria-hidden=\"true\"><\/div>\n<\/form>\n<\/div>\n\n\n\n\n","protected":false},"excerpt":{"rendered":"<p>Poni\u017cej najcz\u0119\u015bciej zadawane pytania i odpowiedzi na nie. Je\u015bli masz inne pytania zapraszamy do kontaktu. CSS Accordion Jakie s\u0105 tematy zaj\u0119\u0107? Tematy zaj\u0119\u0107 s\u0105 bardzo r\u00f3\u017cne, czasem bardziej plastyczne (malujemy, kleimy, rze\u017abimy) a czasem techniczne (zbijamy, wiercimy, skr\u0119camy) a czasem bardziej naukowe i robimy eksperymenty z chemii i fizyki. Pracujemy bardzo r\u00f3\u017cnymi narz\u0119dziami z bardzo&hellip;&nbsp;<a href=\"https:\/\/majsterkowanie.edu.pl\/index.php\/faq\/\" class=\"\" rel=\"bookmark\">Czytaj dalej &raquo;<span class=\"screen-reader-text\">FAQ<\/span><\/a><\/p>\n","protected":false},"author":1,"featured_media":0,"parent":0,"menu_order":0,"comment_status":"closed","ping_status":"closed","template":"","meta":{"neve_meta_sidebar":"","neve_meta_container":"","neve_meta_enable_content_width":"","neve_meta_content_width":0,"neve_meta_title_alignment":"","neve_meta_author_avatar":"","neve_post_elements_order":"","neve_meta_disable_header":"","neve_meta_disable_footer":"","neve_meta_disable_title":"","footnotes":""},"class_list":["post-233","page","type-page","status-publish","hentry"],"yoast_head":"<!-- This site is optimized with the Yoast SEO plugin v20.4 - https:\/\/yoast.com\/wordpress\/plugins\/seo\/ -->\n<title>FAQ - MAJSTERKOWANIE.edu.pl<\/title>\n<meta name=\"robots\" content=\"index, follow, max-snippet:-1, max-image-preview:large, max-video-preview:-1\" \/>\n<link rel=\"canonical\" href=\"https:\/\/majsterkowanie.edu.pl\/index.php\/faq\/\" \/>\n<meta property=\"og:locale\" content=\"pl_PL\" \/>\n<meta property=\"og:type\" content=\"article\" \/>\n<meta property=\"og:title\" content=\"FAQ - MAJSTERKOWANIE.edu.pl\" \/>\n<meta property=\"og:description\" content=\"Poni\u017cej najcz\u0119\u015bciej zadawane pytania i odpowiedzi na nie. Je\u015bli masz inne pytania zapraszamy do kontaktu. CSS Accordion Jakie s\u0105 tematy zaj\u0119\u0107? Tematy zaj\u0119\u0107 s\u0105 bardzo r\u00f3\u017cne, czasem bardziej plastyczne (malujemy, kleimy, rze\u017abimy) a czasem techniczne (zbijamy, wiercimy, skr\u0119camy) a czasem bardziej naukowe i robimy eksperymenty z chemii i fizyki. Pracujemy bardzo r\u00f3\u017cnymi narz\u0119dziami z bardzo&hellip;&nbsp;Czytaj dalej &raquo;FAQ\" \/>\n<meta property=\"og:url\" content=\"https:\/\/majsterkowanie.edu.pl\/index.php\/faq\/\" \/>\n<meta property=\"og:site_name\" content=\"MAJSTERKOWANIE.edu.pl\" \/>\n<meta property=\"article:modified_time\" content=\"2025-08-31T15:54:51+00:00\" \/>\n<meta name=\"twitter:card\" content=\"summary_large_image\" \/>\n<meta name=\"twitter:label1\" content=\"Szacowany czas czytania\" \/>\n\t<meta name=\"twitter:data1\" content=\"4 minuty\" \/>\n<script type=\"application\/ld+json\" class=\"yoast-schema-graph\">{\"@context\":\"https:\/\/schema.org\",\"@graph\":[{\"@type\":\"WebPage\",\"@id\":\"https:\/\/majsterkowanie.edu.pl\/index.php\/faq\/\",\"url\":\"https:\/\/majsterkowanie.edu.pl\/index.php\/faq\/\",\"name\":\"FAQ - MAJSTERKOWANIE.edu.pl\",\"isPartOf\":{\"@id\":\"http:\/\/majsterkowanie.edu.pl\/#website\"},\"datePublished\":\"2023-04-16T22:17:59+00:00\",\"dateModified\":\"2025-08-31T15:54:51+00:00\",\"breadcrumb\":{\"@id\":\"https:\/\/majsterkowanie.edu.pl\/index.php\/faq\/#breadcrumb\"},\"inLanguage\":\"pl-PL\",\"potentialAction\":[{\"@type\":\"ReadAction\",\"target\":[\"https:\/\/majsterkowanie.edu.pl\/index.php\/faq\/\"]}]},{\"@type\":\"BreadcrumbList\",\"@id\":\"https:\/\/majsterkowanie.edu.pl\/index.php\/faq\/#breadcrumb\",\"itemListElement\":[{\"@type\":\"ListItem\",\"position\":1,\"name\":\"Strona g\u0142\u00f3wna\",\"item\":\"http:\/\/majsterkowanie.edu.pl\/\"},{\"@type\":\"ListItem\",\"position\":2,\"name\":\"FAQ\"}]},{\"@type\":\"WebSite\",\"@id\":\"http:\/\/majsterkowanie.edu.pl\/#website\",\"url\":\"http:\/\/majsterkowanie.edu.pl\/\",\"name\":\"MAJSTERKOWANIE.edu.pl\",\"description\":\"kreatywne zaj\u0119cia dla dzieci\",\"publisher\":{\"@id\":\"http:\/\/majsterkowanie.edu.pl\/#organization\"},\"potentialAction\":[{\"@type\":\"SearchAction\",\"target\":{\"@type\":\"EntryPoint\",\"urlTemplate\":\"http:\/\/majsterkowanie.edu.pl\/?s={search_term_string}\"},\"query-input\":\"required name=search_term_string\"}],\"inLanguage\":\"pl-PL\"},{\"@type\":\"Organization\",\"@id\":\"http:\/\/majsterkowanie.edu.pl\/#organization\",\"name\":\"MAJSTERKOWANIE.edu.pl\",\"url\":\"http:\/\/majsterkowanie.edu.pl\/\",\"logo\":{\"@type\":\"ImageObject\",\"inLanguage\":\"pl-PL\",\"@id\":\"http:\/\/majsterkowanie.edu.pl\/#\/schema\/logo\/image\/\",\"url\":\"https:\/\/majsterkowanie.edu.pl\/wp-content\/uploads\/2023\/01\/narzedzia.png\",\"contentUrl\":\"https:\/\/majsterkowanie.edu.pl\/wp-content\/uploads\/2023\/01\/narzedzia.png\",\"width\":130,\"height\":130,\"caption\":\"MAJSTERKOWANIE.edu.pl\"},\"image\":{\"@id\":\"http:\/\/majsterkowanie.edu.pl\/#\/schema\/logo\/image\/\"}}]}<\/script>\n<!-- \/ Yoast SEO plugin. -->","yoast_head_json":{"title":"FAQ - MAJSTERKOWANIE.edu.pl","robots":{"index":"index","follow":"follow","max-snippet":"max-snippet:-1","max-image-preview":"max-image-preview:large","max-video-preview":"max-video-preview:-1"},"canonical":"https:\/\/majsterkowanie.edu.pl\/index.php\/faq\/","og_locale":"pl_PL","og_type":"article","og_title":"FAQ - MAJSTERKOWANIE.edu.pl","og_description":"Poni\u017cej najcz\u0119\u015bciej zadawane pytania i odpowiedzi na nie. Je\u015bli masz inne pytania zapraszamy do kontaktu. CSS Accordion Jakie s\u0105 tematy zaj\u0119\u0107? Tematy zaj\u0119\u0107 s\u0105 bardzo r\u00f3\u017cne, czasem bardziej plastyczne (malujemy, kleimy, rze\u017abimy) a czasem techniczne (zbijamy, wiercimy, skr\u0119camy) a czasem bardziej naukowe i robimy eksperymenty z chemii i fizyki. Pracujemy bardzo r\u00f3\u017cnymi narz\u0119dziami z bardzo&hellip;&nbsp;Czytaj dalej &raquo;FAQ","og_url":"https:\/\/majsterkowanie.edu.pl\/index.php\/faq\/","og_site_name":"MAJSTERKOWANIE.edu.pl","article_modified_time":"2025-08-31T15:54:51+00:00","twitter_card":"summary_large_image","twitter_misc":{"Szacowany czas czytania":"4 minuty"},"schema":{"@context":"https:\/\/schema.org","@graph":[{"@type":"WebPage","@id":"https:\/\/majsterkowanie.edu.pl\/index.php\/faq\/","url":"https:\/\/majsterkowanie.edu.pl\/index.php\/faq\/","name":"FAQ - MAJSTERKOWANIE.edu.pl","isPartOf":{"@id":"http:\/\/majsterkowanie.edu.pl\/#website"},"datePublished":"2023-04-16T22:17:59+00:00","dateModified":"2025-08-31T15:54:51+00:00","breadcrumb":{"@id":"https:\/\/majsterkowanie.edu.pl\/index.php\/faq\/#breadcrumb"},"inLanguage":"pl-PL","potentialAction":[{"@type":"ReadAction","target":["https:\/\/majsterkowanie.edu.pl\/index.php\/faq\/"]}]},{"@type":"BreadcrumbList","@id":"https:\/\/majsterkowanie.edu.pl\/index.php\/faq\/#breadcrumb","itemListElement":[{"@type":"ListItem","position":1,"name":"Strona g\u0142\u00f3wna","item":"http:\/\/majsterkowanie.edu.pl\/"},{"@type":"ListItem","position":2,"name":"FAQ"}]},{"@type":"WebSite","@id":"http:\/\/majsterkowanie.edu.pl\/#website","url":"http:\/\/majsterkowanie.edu.pl\/","name":"MAJSTERKOWANIE.edu.pl","description":"kreatywne zaj\u0119cia dla dzieci","publisher":{"@id":"http:\/\/majsterkowanie.edu.pl\/#organization"},"potentialAction":[{"@type":"SearchAction","target":{"@type":"EntryPoint","urlTemplate":"http:\/\/majsterkowanie.edu.pl\/?s={search_term_string}"},"query-input":"required name=search_term_string"}],"inLanguage":"pl-PL"},{"@type":"Organization","@id":"http:\/\/majsterkowanie.edu.pl\/#organization","name":"MAJSTERKOWANIE.edu.pl","url":"http:\/\/majsterkowanie.edu.pl\/","logo":{"@type":"ImageObject","inLanguage":"pl-PL","@id":"http:\/\/majsterkowanie.edu.pl\/#\/schema\/logo\/image\/","url":"https:\/\/majsterkowanie.edu.pl\/wp-content\/uploads\/2023\/01\/narzedzia.png","contentUrl":"https:\/\/majsterkowanie.edu.pl\/wp-content\/uploads\/2023\/01\/narzedzia.png","width":130,"height":130,"caption":"MAJSTERKOWANIE.edu.pl"},"image":{"@id":"http:\/\/majsterkowanie.edu.pl\/#\/schema\/logo\/image\/"}}]}},"_links":{"self":[{"href":"https:\/\/majsterkowanie.edu.pl\/index.php\/wp-json\/wp\/v2\/pages\/233","targetHints":{"allow":["GET"]}}],"collection":[{"href":"https:\/\/majsterkowanie.edu.pl\/index.php\/wp-json\/wp\/v2\/pages"}],"about":[{"href":"https:\/\/majsterkowanie.edu.pl\/index.php\/wp-json\/wp\/v2\/types\/page"}],"author":[{"embeddable":true,"href":"https:\/\/majsterkowanie.edu.pl\/index.php\/wp-json\/wp\/v2\/users\/1"}],"replies":[{"embeddable":true,"href":"https:\/\/majsterkowanie.edu.pl\/index.php\/wp-json\/wp\/v2\/comments?post=233"}],"version-history":[{"count":61,"href":"https:\/\/majsterkowanie.edu.pl\/index.php\/wp-json\/wp\/v2\/pages\/233\/revisions"}],"predecessor-version":[{"id":632,"href":"https:\/\/majsterkowanie.edu.pl\/index.php\/wp-json\/wp\/v2\/pages\/233\/revisions\/632"}],"wp:attachment":[{"href":"https:\/\/majsterkowanie.edu.pl\/index.php\/wp-json\/wp\/v2\/media?parent=233"}],"curies":[{"name":"wp","href":"https:\/\/api.w.org\/{rel}","templated":true}]}}