{"id":353,"date":"2024-01-10T17:26:24","date_gmt":"2024-01-10T17:26:24","guid":{"rendered":"http:\/\/majsterkowanie.edu.pl\/?page_id=353"},"modified":"2024-01-17T09:04:46","modified_gmt":"2024-01-17T09:04:46","slug":"kolonia-1","status":"publish","type":"page","link":"https:\/\/majsterkowanie.edu.pl\/index.php\/kolonia-1\/","title":{"rendered":"KOLONIA KOSMICZNA"},"content":{"rendered":"\n<p><br><br><strong>Staaaartujemy z p\u00f3\u0142koloni\u0105 kosmiczn\u0105!<\/strong><br>Zapraszamy do zabawy, nauki, poszerzania horyzont\u00f3w poza granice naszej galaktyki!<\/p>\n\n\n\n<ul class=\"wp-block-list\">\n<li>termin: <strong>12-16.02.2024<\/strong> w godzinach 8-16 (mo\u017cliwe wyd\u0142u\u017cenie \u2013 prosimy o informacj\u0119)<\/li>\n\n\n\n<li>miejsce: <strong>Szko\u0142a Podstawowa nr 162<\/strong> w Krakowie ul. Stoja\u0142owskiego 31<br>(ale zapraszamy wszystkich ch\u0119tnych, tak\u017ce z innych szk\u00f3\u0142 z kt\u00f3rymi wsp\u00f3\u0142pracujemy) <\/li>\n\n\n\n<li>temat p\u00f3\u0142kolonii:<strong> KOSMOS!!!<\/strong><\/li>\n\n\n\n<li>grupa wiekowa &#8211; dzieci ze szk\u00f3\u0142 podstawowych z klas 1-4, <\/li>\n\n\n\n<li>p\u0142e\u0107: ch\u0142opcy i dziewczynki! &#8211; kosmici i kosmitki! ;P <\/li>\n<\/ul>\n\n\n\n<p><strong>W ofercie m.in.:<\/strong><\/p>\n\n\n\n<ol class=\"wp-block-list\">\n<li><strong>zaj\u0119cia z majsterkowania <\/strong>tym razem zwi\u0105zane g\u0142\u00f3wnie z tematem p\u00f3\u0142kolonii: roboty, rakiety, gwiazdy, planety itp<\/li>\n\n\n\n<li><strong>zaj\u0119cia sportowe<\/strong> na sali gimnastycznej: gry, zabawy, zawody, kosmiczny tor przeszk\u00f3d itd<\/li>\n\n\n\n<li>alternatywnie zaj\u0119cia poza szko\u0142\u0105 zale\u017cnie od pogody i warunk\u00f3w<\/li>\n\n\n\n<li><strong>wycieczka do obserwatorium astronomicznego<\/strong><\/li>\n\n\n\n<li><strong>wycieczka na obc\u0105 planet\u0119<\/strong> \u2013 kierunek zale\u017cy od pogody<\/li>\n\n\n\n<li>Kosmiczny <strong>upominek<\/strong> dla ka\u017cdego uczestnika <\/li>\n\n\n\n<li>Kosmiczny <strong>konkurs<\/strong> z nagrodami  <\/li>\n\n\n\n<li><strong>obiad<\/strong> \u2013 ciep\u0142y posi\u0142ek przygotowany na miejscu!<\/li>\n\n\n\n<li><strong>deser\/przek\u0105ski<\/strong> w ci\u0105gu dnia<\/li>\n\n\n\n<li>opieka u\u015bmiechni\u0119tej i do\u015bwiadczonej kadry kosmonaut\u00f3w znanej dzieciom z regularnych zaj\u0119\u0107<\/li>\n<\/ol>\n\n\n\n<p><strong>Cena<\/strong><br>pierwsze zg\u0142oszenia do 26.01.2024:<br>\u2013 850z\u0142 dla wszystkich ch\u0119tnych, ze wszystkich szk\u00f3\u0142 w galaktyce<br>\u2013 800z\u0142 dla uczestnik\u00f3w naszych regularnych zaj\u0119\u0107 z majsterkowania z op\u0142aconymi bie\u017c\u0105cymi zaj\u0119ciami <br>kolejne zg\u0142oszenia po 26.01.2024<br>\u2013 cena i ilo\u015b\u0107 miejsc zale\u017cne od post\u0119pu zg\u0142osze\u0144 <\/p>\n\n\n\n<p><strong>Pytania i zapisy:<\/strong><br>telefon: 735-061-555<br>mail: kolonia@majsterkowanie.edu.pl<\/p>\n","protected":false},"excerpt":{"rendered":"<p>Staaaartujemy z p\u00f3\u0142koloni\u0105 kosmiczn\u0105!Zapraszamy do zabawy, nauki, poszerzania horyzont\u00f3w poza granice naszej galaktyki! W ofercie m.in.: Cenapierwsze zg\u0142oszenia do 26.01.2024:\u2013 850z\u0142 dla wszystkich ch\u0119tnych, ze wszystkich szk\u00f3\u0142 w galaktyce\u2013 800z\u0142 dla uczestnik\u00f3w naszych regularnych zaj\u0119\u0107 z majsterkowania z op\u0142aconymi bie\u017c\u0105cymi zaj\u0119ciami kolejne zg\u0142oszenia po 26.01.2024\u2013 cena i ilo\u015b\u0107 miejsc zale\u017cne od post\u0119pu zg\u0142osze\u0144 Pytania i&hellip;&nbsp;<a href=\"https:\/\/majsterkowanie.edu.pl\/index.php\/kolonia-1\/\" class=\"\" rel=\"bookmark\">Czytaj dalej &raquo;<span class=\"screen-reader-text\">KOLONIA KOSMICZNA<\/span><\/a><\/p>\n","protected":false},"author":1,"featured_media":0,"parent":0,"menu_order":0,"comment_status":"closed","ping_status":"closed","template":"","meta":{"neve_meta_sidebar":"","neve_meta_container":"","neve_meta_enable_content_width":"","neve_meta_content_width":0,"neve_meta_title_alignment":"","neve_meta_author_avatar":"","neve_post_elements_order":"","neve_meta_disable_header":"","neve_meta_disable_footer":"","neve_meta_disable_title":"","footnotes":""},"class_list":["post-353","page","type-page","status-publish","hentry"],"yoast_head":"<!-- This site is optimized with the Yoast SEO plugin v20.4 - https:\/\/yoast.com\/wordpress\/plugins\/seo\/ -->\n<title>KOLONIA KOSMICZNA - MAJSTERKOWANIE.edu.pl<\/title>\n<meta name=\"robots\" content=\"index, follow, max-snippet:-1, max-image-preview:large, max-video-preview:-1\" \/>\n<link rel=\"canonical\" href=\"https:\/\/majsterkowanie.edu.pl\/index.php\/kolonia-1\/\" \/>\n<meta property=\"og:locale\" content=\"pl_PL\" \/>\n<meta property=\"og:type\" content=\"article\" \/>\n<meta property=\"og:title\" content=\"KOLONIA KOSMICZNA - MAJSTERKOWANIE.edu.pl\" \/>\n<meta property=\"og:description\" content=\"Staaaartujemy z p\u00f3\u0142koloni\u0105 kosmiczn\u0105!Zapraszamy do zabawy, nauki, poszerzania horyzont\u00f3w poza granice naszej galaktyki! W ofercie m.in.: Cenapierwsze zg\u0142oszenia do 26.01.2024:\u2013 850z\u0142 dla wszystkich ch\u0119tnych, ze wszystkich szk\u00f3\u0142 w galaktyce\u2013 800z\u0142 dla uczestnik\u00f3w naszych regularnych zaj\u0119\u0107 z majsterkowania z op\u0142aconymi bie\u017c\u0105cymi zaj\u0119ciami kolejne zg\u0142oszenia po 26.01.2024\u2013 cena i ilo\u015b\u0107 miejsc zale\u017cne od post\u0119pu zg\u0142osze\u0144 Pytania i&hellip;&nbsp;Czytaj dalej &raquo;KOLONIA KOSMICZNA\" \/>\n<meta property=\"og:url\" content=\"https:\/\/majsterkowanie.edu.pl\/index.php\/kolonia-1\/\" \/>\n<meta property=\"og:site_name\" content=\"MAJSTERKOWANIE.edu.pl\" \/>\n<meta property=\"article:modified_time\" content=\"2024-01-17T09:04:46+00:00\" \/>\n<meta name=\"twitter:card\" content=\"summary_large_image\" \/>\n<meta name=\"twitter:label1\" content=\"Szacowany czas czytania\" \/>\n\t<meta name=\"twitter:data1\" content=\"2 minuty\" \/>\n<script type=\"application\/ld+json\" class=\"yoast-schema-graph\">{\"@context\":\"https:\/\/schema.org\",\"@graph\":[{\"@type\":\"WebPage\",\"@id\":\"https:\/\/majsterkowanie.edu.pl\/index.php\/kolonia-1\/\",\"url\":\"https:\/\/majsterkowanie.edu.pl\/index.php\/kolonia-1\/\",\"name\":\"KOLONIA KOSMICZNA - MAJSTERKOWANIE.edu.pl\",\"isPartOf\":{\"@id\":\"http:\/\/majsterkowanie.edu.pl\/#website\"},\"datePublished\":\"2024-01-10T17:26:24+00:00\",\"dateModified\":\"2024-01-17T09:04:46+00:00\",\"breadcrumb\":{\"@id\":\"https:\/\/majsterkowanie.edu.pl\/index.php\/kolonia-1\/#breadcrumb\"},\"inLanguage\":\"pl-PL\",\"potentialAction\":[{\"@type\":\"ReadAction\",\"target\":[\"https:\/\/majsterkowanie.edu.pl\/index.php\/kolonia-1\/\"]}]},{\"@type\":\"BreadcrumbList\",\"@id\":\"https:\/\/majsterkowanie.edu.pl\/index.php\/kolonia-1\/#breadcrumb\",\"itemListElement\":[{\"@type\":\"ListItem\",\"position\":1,\"name\":\"Strona g\u0142\u00f3wna\",\"item\":\"http:\/\/majsterkowanie.edu.pl\/\"},{\"@type\":\"ListItem\",\"position\":2,\"name\":\"KOLONIA KOSMICZNA\"}]},{\"@type\":\"WebSite\",\"@id\":\"http:\/\/majsterkowanie.edu.pl\/#website\",\"url\":\"http:\/\/majsterkowanie.edu.pl\/\",\"name\":\"MAJSTERKOWANIE.edu.pl\",\"description\":\"kreatywne zaj\u0119cia dla dzieci\",\"publisher\":{\"@id\":\"http:\/\/majsterkowanie.edu.pl\/#organization\"},\"potentialAction\":[{\"@type\":\"SearchAction\",\"target\":{\"@type\":\"EntryPoint\",\"urlTemplate\":\"http:\/\/majsterkowanie.edu.pl\/?s={search_term_string}\"},\"query-input\":\"required name=search_term_string\"}],\"inLanguage\":\"pl-PL\"},{\"@type\":\"Organization\",\"@id\":\"http:\/\/majsterkowanie.edu.pl\/#organization\",\"name\":\"MAJSTERKOWANIE.edu.pl\",\"url\":\"http:\/\/majsterkowanie.edu.pl\/\",\"logo\":{\"@type\":\"ImageObject\",\"inLanguage\":\"pl-PL\",\"@id\":\"http:\/\/majsterkowanie.edu.pl\/#\/schema\/logo\/image\/\",\"url\":\"https:\/\/majsterkowanie.edu.pl\/wp-content\/uploads\/2023\/01\/narzedzia.png\",\"contentUrl\":\"https:\/\/majsterkowanie.edu.pl\/wp-content\/uploads\/2023\/01\/narzedzia.png\",\"width\":130,\"height\":130,\"caption\":\"MAJSTERKOWANIE.edu.pl\"},\"image\":{\"@id\":\"http:\/\/majsterkowanie.edu.pl\/#\/schema\/logo\/image\/\"}}]}<\/script>\n<!-- \/ Yoast SEO plugin. -->","yoast_head_json":{"title":"KOLONIA KOSMICZNA - MAJSTERKOWANIE.edu.pl","robots":{"index":"index","follow":"follow","max-snippet":"max-snippet:-1","max-image-preview":"max-image-preview:large","max-video-preview":"max-video-preview:-1"},"canonical":"https:\/\/majsterkowanie.edu.pl\/index.php\/kolonia-1\/","og_locale":"pl_PL","og_type":"article","og_title":"KOLONIA KOSMICZNA - MAJSTERKOWANIE.edu.pl","og_description":"Staaaartujemy z p\u00f3\u0142koloni\u0105 kosmiczn\u0105!Zapraszamy do zabawy, nauki, poszerzania horyzont\u00f3w poza granice naszej galaktyki! W ofercie m.in.: Cenapierwsze zg\u0142oszenia do 26.01.2024:\u2013 850z\u0142 dla wszystkich ch\u0119tnych, ze wszystkich szk\u00f3\u0142 w galaktyce\u2013 800z\u0142 dla uczestnik\u00f3w naszych regularnych zaj\u0119\u0107 z majsterkowania z op\u0142aconymi bie\u017c\u0105cymi zaj\u0119ciami kolejne zg\u0142oszenia po 26.01.2024\u2013 cena i ilo\u015b\u0107 miejsc zale\u017cne od post\u0119pu zg\u0142osze\u0144 Pytania i&hellip;&nbsp;Czytaj dalej &raquo;KOLONIA KOSMICZNA","og_url":"https:\/\/majsterkowanie.edu.pl\/index.php\/kolonia-1\/","og_site_name":"MAJSTERKOWANIE.edu.pl","article_modified_time":"2024-01-17T09:04:46+00:00","twitter_card":"summary_large_image","twitter_misc":{"Szacowany czas czytania":"2 minuty"},"schema":{"@context":"https:\/\/schema.org","@graph":[{"@type":"WebPage","@id":"https:\/\/majsterkowanie.edu.pl\/index.php\/kolonia-1\/","url":"https:\/\/majsterkowanie.edu.pl\/index.php\/kolonia-1\/","name":"KOLONIA KOSMICZNA - MAJSTERKOWANIE.edu.pl","isPartOf":{"@id":"http:\/\/majsterkowanie.edu.pl\/#website"},"datePublished":"2024-01-10T17:26:24+00:00","dateModified":"2024-01-17T09:04:46+00:00","breadcrumb":{"@id":"https:\/\/majsterkowanie.edu.pl\/index.php\/kolonia-1\/#breadcrumb"},"inLanguage":"pl-PL","potentialAction":[{"@type":"ReadAction","target":["https:\/\/majsterkowanie.edu.pl\/index.php\/kolonia-1\/"]}]},{"@type":"BreadcrumbList","@id":"https:\/\/majsterkowanie.edu.pl\/index.php\/kolonia-1\/#breadcrumb","itemListElement":[{"@type":"ListItem","position":1,"name":"Strona g\u0142\u00f3wna","item":"http:\/\/majsterkowanie.edu.pl\/"},{"@type":"ListItem","position":2,"name":"KOLONIA KOSMICZNA"}]},{"@type":"WebSite","@id":"http:\/\/majsterkowanie.edu.pl\/#website","url":"http:\/\/majsterkowanie.edu.pl\/","name":"MAJSTERKOWANIE.edu.pl","description":"kreatywne zaj\u0119cia dla dzieci","publisher":{"@id":"http:\/\/majsterkowanie.edu.pl\/#organization"},"potentialAction":[{"@type":"SearchAction","target":{"@type":"EntryPoint","urlTemplate":"http:\/\/majsterkowanie.edu.pl\/?s={search_term_string}"},"query-input":"required name=search_term_string"}],"inLanguage":"pl-PL"},{"@type":"Organization","@id":"http:\/\/majsterkowanie.edu.pl\/#organization","name":"MAJSTERKOWANIE.edu.pl","url":"http:\/\/majsterkowanie.edu.pl\/","logo":{"@type":"ImageObject","inLanguage":"pl-PL","@id":"http:\/\/majsterkowanie.edu.pl\/#\/schema\/logo\/image\/","url":"https:\/\/majsterkowanie.edu.pl\/wp-content\/uploads\/2023\/01\/narzedzia.png","contentUrl":"https:\/\/majsterkowanie.edu.pl\/wp-content\/uploads\/2023\/01\/narzedzia.png","width":130,"height":130,"caption":"MAJSTERKOWANIE.edu.pl"},"image":{"@id":"http:\/\/majsterkowanie.edu.pl\/#\/schema\/logo\/image\/"}}]}},"_links":{"self":[{"href":"https:\/\/majsterkowanie.edu.pl\/index.php\/wp-json\/wp\/v2\/pages\/353","targetHints":{"allow":["GET"]}}],"collection":[{"href":"https:\/\/majsterkowanie.edu.pl\/index.php\/wp-json\/wp\/v2\/pages"}],"about":[{"href":"https:\/\/majsterkowanie.edu.pl\/index.php\/wp-json\/wp\/v2\/types\/page"}],"author":[{"embeddable":true,"href":"https:\/\/majsterkowanie.edu.pl\/index.php\/wp-json\/wp\/v2\/users\/1"}],"replies":[{"embeddable":true,"href":"https:\/\/majsterkowanie.edu.pl\/index.php\/wp-json\/wp\/v2\/comments?post=353"}],"version-history":[{"count":11,"href":"https:\/\/majsterkowanie.edu.pl\/index.php\/wp-json\/wp\/v2\/pages\/353\/revisions"}],"predecessor-version":[{"id":374,"href":"https:\/\/majsterkowanie.edu.pl\/index.php\/wp-json\/wp\/v2\/pages\/353\/revisions\/374"}],"wp:attachment":[{"href":"https:\/\/majsterkowanie.edu.pl\/index.php\/wp-json\/wp\/v2\/media?parent=353"}],"curies":[{"name":"wp","href":"https:\/\/api.w.org\/{rel}","templated":true}]}}