{"id":44,"date":"2023-01-10T12:01:18","date_gmt":"2023-01-10T12:01:18","guid":{"rendered":"http:\/\/majsterkowanie.edu.pl\/?page_id=44"},"modified":"2023-02-21T21:07:01","modified_gmt":"2023-02-21T21:07:01","slug":"kontakt2","status":"publish","type":"page","link":"https:\/\/majsterkowanie.edu.pl\/index.php\/kontakt2\/","title":{"rendered":"KONTAKT"},"content":{"rendered":"\n<div class=\"wp-block-cover is-light\" style=\"text-transform:none\"><span aria-hidden=\"true\" class=\"wp-block-cover__background has-background-dim-30 has-background-dim\"><\/span><img loading=\"lazy\" decoding=\"async\" width=\"2560\" height=\"1864\" class=\"wp-block-cover__image-background wp-image-121\" alt=\"\" src=\"http:\/\/majsterkowanie.edu.pl\/wp-content\/uploads\/2023\/01\/IMG_20200717_074215939-scaled.jpg\" style=\"object-position:48% 68%\" data-object-fit=\"cover\" data-object-position=\"48% 68%\" srcset=\"https:\/\/majsterkowanie.edu.pl\/wp-content\/uploads\/2023\/01\/IMG_20200717_074215939-scaled.jpg 2560w, https:\/\/majsterkowanie.edu.pl\/wp-content\/uploads\/2023\/01\/IMG_20200717_074215939-300x218.jpg 300w, https:\/\/majsterkowanie.edu.pl\/wp-content\/uploads\/2023\/01\/IMG_20200717_074215939-1024x745.jpg 1024w, https:\/\/majsterkowanie.edu.pl\/wp-content\/uploads\/2023\/01\/IMG_20200717_074215939-768x559.jpg 768w, https:\/\/majsterkowanie.edu.pl\/wp-content\/uploads\/2023\/01\/IMG_20200717_074215939-1536x1118.jpg 1536w, https:\/\/majsterkowanie.edu.pl\/wp-content\/uploads\/2023\/01\/IMG_20200717_074215939-2048x1491.jpg 2048w\" sizes=\"auto, (max-width: 2560px) 100vw, 2560px\" \/><div class=\"wp-block-cover__inner-container is-layout-flow wp-block-cover-is-layout-flow\">\n<p class=\"has-text-align-right has-medium-font-size\">                       Komunikacja pracuje dla tych kt\u00f3rzy nad ni\u0105 pracuj\u0105. <\/p>\n\n\n\n<p class=\"has-text-align-right has-medium-font-size\">                    Popracujmy razem! Zapraszamy do kontaktu.<\/p>\n<\/div><\/div>\n\n\n\n<div class=\"wp-block-columns is-layout-flex wp-container-core-columns-is-layout-9d6595d7 wp-block-columns-is-layout-flex\">\n<div class=\"wp-block-column is-layout-flow wp-block-column-is-layout-flow\" style=\"flex-basis:100%\">\n<div class=\"wp-block-group\"><div class=\"wp-block-group__inner-container is-layout-constrained wp-block-group-is-layout-constrained\"><div class=\"wpforms-container wpforms-container-full\" id=\"wpforms-87\"><form id=\"wpforms-form-87\" class=\"wpforms-validate wpforms-form wpforms-ajax-form\" data-formid=\"87\" method=\"post\" enctype=\"multipart\/form-data\" action=\"\/index.php\/wp-json\/wp\/v2\/pages\/44\" data-token=\"6bb8da1d520e7e4d226a0db2fa89f34e\"><noscript class=\"wpforms-error-noscript\">Aby wype\u0142ni\u0107 ten formularz, w\u0142\u0105cz obs\u0142ug\u0119 JavaScript w przegl\u0105darce.<\/noscript><div class=\"wpforms-field-container\"><div id=\"wpforms-87-field_7-container\" class=\"wpforms-field wpforms-field-name\" data-field-id=\"7\"><label class=\"wpforms-field-label\" for=\"wpforms-87-field_7\">Imi\u0119 i nazwisko  <span class=\"wpforms-required-label\">*<\/span><\/label><input type=\"text\" id=\"wpforms-87-field_7\" class=\"wpforms-field-medium wpforms-field-required\" name=\"wpforms[fields][7]\" required><\/div><div id=\"wpforms-87-field_13-container\" class=\"wpforms-field wpforms-field-select wpforms-field-select-style-classic\" data-field-id=\"13\"><label class=\"wpforms-field-label\" for=\"wpforms-87-field_13\">Szko\u0142a <span class=\"wpforms-required-label\">*<\/span><\/label><select id=\"wpforms-87-field_13\" class=\"wpforms-field-medium wpforms-field-required\" name=\"wpforms[fields][13]\" required=\"required\"><option value=\"inna szko\u0142a\" >inna szko\u0142a<\/option><option value=\"Szko\u0142a Podstawowa nr 12 z O.I. \" >Szko\u0142a Podstawowa nr 12 z O.I. <\/option><option value=\"Szko\u0142a Podstawowa nr 24 \" >Szko\u0142a Podstawowa nr 24 <\/option><option value=\"Szko\u0142a Podstawowa nr 31\" >Szko\u0142a Podstawowa nr 31<\/option><option value=\"Szko\u0142a Podstawowa nr 32 \" >Szko\u0142a Podstawowa nr 32 <\/option><option value=\"Szko\u0142a Podstawowa nr 33 \" >Szko\u0142a Podstawowa nr 33 <\/option><option value=\"Szko\u0142a Podstawowa nr 41 \" >Szko\u0142a Podstawowa nr 41 <\/option><option value=\"Szko\u0142a Podstawowa nr 53 \" >Szko\u0142a Podstawowa nr 53 <\/option><option value=\"Szko\u0142a Podstawowa nr 55\" >Szko\u0142a Podstawowa nr 55<\/option><option value=\"Szko\u0142a Podstawowa nr 56 \" >Szko\u0142a Podstawowa nr 56 <\/option><option value=\"Szko\u0142a Podstawowa nr 66\" >Szko\u0142a Podstawowa nr 66<\/option><option value=\"Szko\u0142a Podstawowa nr 72 \" >Szko\u0142a Podstawowa nr 72 <\/option><option value=\"Szko\u0142a Podstawowa nr 157\" >Szko\u0142a Podstawowa nr 157<\/option><option value=\"Szko\u0142a Podstawowa nr 162\" >Szko\u0142a Podstawowa nr 162<\/option><\/select><\/div><div id=\"wpforms-87-field_14-container\" class=\"wpforms-field wpforms-field-select wpforms-field-select-style-classic\" data-field-id=\"14\"><label class=\"wpforms-field-label\" for=\"wpforms-87-field_14\">klasa <span class=\"wpforms-required-label\">*<\/span><\/label><select id=\"wpforms-87-field_14\" class=\"wpforms-field-medium wpforms-field-required\" name=\"wpforms[fields][14]\" required=\"required\"><option value=\"1A\" >1A<\/option><option value=\"1B\" >1B<\/option><option value=\"1C\" >1C<\/option><option value=\"1D\" >1D<\/option><option value=\"1E\" >1E<\/option><option value=\"2A\" >2A<\/option><option value=\"2B\" >2B<\/option><option value=\"2C\" >2C<\/option><option value=\"2D\" >2D<\/option><option value=\"2E\" >2E<\/option><option value=\"3A\" >3A<\/option><option value=\"3B\" >3B<\/option><option value=\"3C\" >3C<\/option><option value=\"3D\" >3D<\/option><option value=\"3E\" >3E<\/option><option value=\"inna\" >inna<\/option><\/select><\/div><div id=\"wpforms-87-field_1-container\" class=\"wpforms-field wpforms-field-email\" data-field-id=\"1\"><label class=\"wpforms-field-label\" for=\"wpforms-87-field_1\">Email <span class=\"wpforms-required-label\">*<\/span><\/label><input type=\"email\" id=\"wpforms-87-field_1\" class=\"wpforms-field-medium wpforms-field-required\" name=\"wpforms[fields][1]\" spellcheck=\"false\" required><\/div><div id=\"wpforms-87-field_12-container\" class=\"wpforms-field wpforms-field-number\" data-field-id=\"12\"><label class=\"wpforms-field-label\" for=\"wpforms-87-field_12\">Telefon <span class=\"wpforms-required-label\">*<\/span><\/label><input type=\"number\" pattern=\"\\d*\" id=\"wpforms-87-field_12\" class=\"wpforms-field-medium wpforms-field-required\" name=\"wpforms[fields][12]\" required><\/div><div id=\"wpforms-87-field_10-container\" class=\"wpforms-field wpforms-field-textarea\" data-field-id=\"10\"><label class=\"wpforms-field-label\" for=\"wpforms-87-field_10\">Wiadomo\u015b\u0107<\/label><textarea id=\"wpforms-87-field_10\" class=\"wpforms-field-small\" name=\"wpforms[fields][10]\" ><\/textarea><div class=\"wpforms-field-description\">Dane wpisane w formularzu b\u0119d\u0105 przetwarzane w celu udzielenia odpowiedzi na przes\u0142ane pytania. <\/div><\/div><\/div><!-- .wpforms-field-container --><div class=\"wpforms-submit-container\" ><input type=\"hidden\" name=\"wpforms[id]\" value=\"87\"><input type=\"hidden\" name=\"wpforms[author]\" value=\"1\"><button type=\"submit\" name=\"wpforms[submit]\" id=\"wpforms-submit-87\" class=\"wpforms-submit\" data-alt-text=\"Wysy\u0142anie\" data-submit-text=\"Wy\u015blij\" aria-live=\"assertive\" value=\"wpforms-submit\">Wy\u015blij<\/button><img loading=\"lazy\" decoding=\"async\" src=\"https:\/\/majsterkowanie.edu.pl\/wp-content\/plugins\/wpforms-lite\/assets\/images\/submit-spin.svg\" class=\"wpforms-submit-spinner\" style=\"display: none;\" width=\"26\" height=\"26\" alt=\"Wczytywanie\"><\/div><\/form><\/div>  <!-- .wpforms-container -->\n<\/div><\/div>\n<\/div>\n<\/div>\n\n\n\n<div class=\"wp-block-cover alignfull\" style=\"min-height:477px;aspect-ratio:unset;\"><span aria-hidden=\"true\" class=\"wp-block-cover__background has-nv-light-bg-background-color has-background-dim-100 has-background-dim\"><\/span><div class=\"wp-block-cover__inner-container is-layout-flow wp-block-cover-is-layout-flow\">\n<div class=\"wp-block-columns is-layout-flex wp-container-core-columns-is-layout-9d6595d7 wp-block-columns-is-layout-flex\">\n<div class=\"wp-block-column is-layout-flow wp-block-column-is-layout-flow\">\n<div style=\"height:24px\" aria-hidden=\"true\" class=\"wp-block-spacer\"><\/div>\n\n\n<div class=\"wp-block-image icon-style is-style-rounded\">\n<figure class=\"aligncenter is-resized\"><img loading=\"lazy\" decoding=\"async\" src=\"http:\/\/majsterkowanie.edu.pl\/wp-content\/themes\/neve\/assets\/img\/starter-content\/icon-05.svg\" alt=\"\" width=\"48\" height=\"48\"\/><\/figure>\n<\/div>\n\n\n<h3 class=\"has-text-align-center has-neve-text-color-color has-text-color wp-block-heading\">Zadzwo\u0144:<\/h3>\n\n\n\n<p class=\"has-text-align-center has-neve-text-color-color has-text-color\" style=\"font-size:15px\"><strong>735-061-555<\/strong><\/p>\n<\/div>\n\n\n\n<div class=\"wp-block-column is-layout-flow wp-block-column-is-layout-flow\">\n<div style=\"height:24px\" aria-hidden=\"true\" class=\"wp-block-spacer\"><\/div>\n\n\n<div class=\"wp-block-image icon-style is-style-rounded\">\n<figure class=\"aligncenter is-resized\"><img loading=\"lazy\" decoding=\"async\" src=\"http:\/\/majsterkowanie.edu.pl\/wp-content\/themes\/neve\/assets\/img\/starter-content\/icon-06.svg\" alt=\"\" width=\"48\" height=\"48\"\/><\/figure>\n<\/div>\n\n\n<h3 class=\"has-text-align-center has-neve-text-color-color has-text-color wp-block-heading\">Napisz:<\/h3>\n\n\n\n<p class=\"has-text-align-center has-neve-text-color-color has-text-color\" style=\"font-size:15px\"><strong>kontakt@majsterkowanie.edu.pl<\/strong><\/p>\n<\/div>\n<\/div>\n<\/div><\/div>\n","protected":false},"excerpt":{"rendered":"","protected":false},"author":1,"featured_media":0,"parent":0,"menu_order":0,"comment_status":"closed","ping_status":"closed","template":"","meta":{"neve_meta_sidebar":"","neve_meta_container":"","neve_meta_enable_content_width":"","neve_meta_content_width":0,"neve_meta_title_alignment":"","neve_meta_author_avatar":"","neve_post_elements_order":"","neve_meta_disable_header":"","neve_meta_disable_footer":"","neve_meta_disable_title":"","footnotes":""},"class_list":["post-44","page","type-page","status-publish","hentry"],"yoast_head":"<!-- This site is optimized with the Yoast SEO plugin v20.4 - https:\/\/yoast.com\/wordpress\/plugins\/seo\/ -->\n<title>KONTAKT - MAJSTERKOWANIE.edu.pl<\/title>\n<meta name=\"robots\" content=\"index, follow, max-snippet:-1, max-image-preview:large, max-video-preview:-1\" \/>\n<link rel=\"canonical\" href=\"https:\/\/majsterkowanie.edu.pl\/index.php\/kontakt2\/\" \/>\n<meta property=\"og:locale\" content=\"pl_PL\" \/>\n<meta property=\"og:type\" content=\"article\" \/>\n<meta property=\"og:title\" content=\"KONTAKT - MAJSTERKOWANIE.edu.pl\" \/>\n<meta property=\"og:url\" content=\"https:\/\/majsterkowanie.edu.pl\/index.php\/kontakt2\/\" \/>\n<meta property=\"og:site_name\" content=\"MAJSTERKOWANIE.edu.pl\" \/>\n<meta property=\"article:modified_time\" content=\"2023-02-21T21:07:01+00:00\" \/>\n<meta property=\"og:image\" content=\"http:\/\/majsterkowanie.edu.pl\/wp-content\/uploads\/2023\/01\/IMG_20200717_074215939-scaled.jpg\" \/>\n<meta name=\"twitter:card\" content=\"summary_large_image\" \/>\n<meta name=\"twitter:label1\" content=\"Szacowany czas czytania\" \/>\n\t<meta name=\"twitter:data1\" content=\"1 minuta\" \/>\n<script type=\"application\/ld+json\" class=\"yoast-schema-graph\">{\"@context\":\"https:\/\/schema.org\",\"@graph\":[{\"@type\":\"WebPage\",\"@id\":\"https:\/\/majsterkowanie.edu.pl\/index.php\/kontakt2\/\",\"url\":\"https:\/\/majsterkowanie.edu.pl\/index.php\/kontakt2\/\",\"name\":\"KONTAKT - MAJSTERKOWANIE.edu.pl\",\"isPartOf\":{\"@id\":\"http:\/\/majsterkowanie.edu.pl\/#website\"},\"datePublished\":\"2023-01-10T12:01:18+00:00\",\"dateModified\":\"2023-02-21T21:07:01+00:00\",\"breadcrumb\":{\"@id\":\"https:\/\/majsterkowanie.edu.pl\/index.php\/kontakt2\/#breadcrumb\"},\"inLanguage\":\"pl-PL\",\"potentialAction\":[{\"@type\":\"ReadAction\",\"target\":[\"https:\/\/majsterkowanie.edu.pl\/index.php\/kontakt2\/\"]}]},{\"@type\":\"BreadcrumbList\",\"@id\":\"https:\/\/majsterkowanie.edu.pl\/index.php\/kontakt2\/#breadcrumb\",\"itemListElement\":[{\"@type\":\"ListItem\",\"position\":1,\"name\":\"Strona g\u0142\u00f3wna\",\"item\":\"http:\/\/majsterkowanie.edu.pl\/\"},{\"@type\":\"ListItem\",\"position\":2,\"name\":\"KONTAKT\"}]},{\"@type\":\"WebSite\",\"@id\":\"http:\/\/majsterkowanie.edu.pl\/#website\",\"url\":\"http:\/\/majsterkowanie.edu.pl\/\",\"name\":\"MAJSTERKOWANIE.edu.pl\",\"description\":\"kreatywne zaj\u0119cia dla dzieci\",\"publisher\":{\"@id\":\"http:\/\/majsterkowanie.edu.pl\/#organization\"},\"potentialAction\":[{\"@type\":\"SearchAction\",\"target\":{\"@type\":\"EntryPoint\",\"urlTemplate\":\"http:\/\/majsterkowanie.edu.pl\/?s={search_term_string}\"},\"query-input\":\"required name=search_term_string\"}],\"inLanguage\":\"pl-PL\"},{\"@type\":\"Organization\",\"@id\":\"http:\/\/majsterkowanie.edu.pl\/#organization\",\"name\":\"MAJSTERKOWANIE.edu.pl\",\"url\":\"http:\/\/majsterkowanie.edu.pl\/\",\"logo\":{\"@type\":\"ImageObject\",\"inLanguage\":\"pl-PL\",\"@id\":\"http:\/\/majsterkowanie.edu.pl\/#\/schema\/logo\/image\/\",\"url\":\"https:\/\/majsterkowanie.edu.pl\/wp-content\/uploads\/2023\/01\/narzedzia.png\",\"contentUrl\":\"https:\/\/majsterkowanie.edu.pl\/wp-content\/uploads\/2023\/01\/narzedzia.png\",\"width\":130,\"height\":130,\"caption\":\"MAJSTERKOWANIE.edu.pl\"},\"image\":{\"@id\":\"http:\/\/majsterkowanie.edu.pl\/#\/schema\/logo\/image\/\"}}]}<\/script>\n<!-- \/ Yoast SEO plugin. -->","yoast_head_json":{"title":"KONTAKT - MAJSTERKOWANIE.edu.pl","robots":{"index":"index","follow":"follow","max-snippet":"max-snippet:-1","max-image-preview":"max-image-preview:large","max-video-preview":"max-video-preview:-1"},"canonical":"https:\/\/majsterkowanie.edu.pl\/index.php\/kontakt2\/","og_locale":"pl_PL","og_type":"article","og_title":"KONTAKT - MAJSTERKOWANIE.edu.pl","og_url":"https:\/\/majsterkowanie.edu.pl\/index.php\/kontakt2\/","og_site_name":"MAJSTERKOWANIE.edu.pl","article_modified_time":"2023-02-21T21:07:01+00:00","og_image":[{"url":"http:\/\/majsterkowanie.edu.pl\/wp-content\/uploads\/2023\/01\/IMG_20200717_074215939-scaled.jpg"}],"twitter_card":"summary_large_image","twitter_misc":{"Szacowany czas czytania":"1 minuta"},"schema":{"@context":"https:\/\/schema.org","@graph":[{"@type":"WebPage","@id":"https:\/\/majsterkowanie.edu.pl\/index.php\/kontakt2\/","url":"https:\/\/majsterkowanie.edu.pl\/index.php\/kontakt2\/","name":"KONTAKT - MAJSTERKOWANIE.edu.pl","isPartOf":{"@id":"http:\/\/majsterkowanie.edu.pl\/#website"},"datePublished":"2023-01-10T12:01:18+00:00","dateModified":"2023-02-21T21:07:01+00:00","breadcrumb":{"@id":"https:\/\/majsterkowanie.edu.pl\/index.php\/kontakt2\/#breadcrumb"},"inLanguage":"pl-PL","potentialAction":[{"@type":"ReadAction","target":["https:\/\/majsterkowanie.edu.pl\/index.php\/kontakt2\/"]}]},{"@type":"BreadcrumbList","@id":"https:\/\/majsterkowanie.edu.pl\/index.php\/kontakt2\/#breadcrumb","itemListElement":[{"@type":"ListItem","position":1,"name":"Strona g\u0142\u00f3wna","item":"http:\/\/majsterkowanie.edu.pl\/"},{"@type":"ListItem","position":2,"name":"KONTAKT"}]},{"@type":"WebSite","@id":"http:\/\/majsterkowanie.edu.pl\/#website","url":"http:\/\/majsterkowanie.edu.pl\/","name":"MAJSTERKOWANIE.edu.pl","description":"kreatywne zaj\u0119cia dla dzieci","publisher":{"@id":"http:\/\/majsterkowanie.edu.pl\/#organization"},"potentialAction":[{"@type":"SearchAction","target":{"@type":"EntryPoint","urlTemplate":"http:\/\/majsterkowanie.edu.pl\/?s={search_term_string}"},"query-input":"required name=search_term_string"}],"inLanguage":"pl-PL"},{"@type":"Organization","@id":"http:\/\/majsterkowanie.edu.pl\/#organization","name":"MAJSTERKOWANIE.edu.pl","url":"http:\/\/majsterkowanie.edu.pl\/","logo":{"@type":"ImageObject","inLanguage":"pl-PL","@id":"http:\/\/majsterkowanie.edu.pl\/#\/schema\/logo\/image\/","url":"https:\/\/majsterkowanie.edu.pl\/wp-content\/uploads\/2023\/01\/narzedzia.png","contentUrl":"https:\/\/majsterkowanie.edu.pl\/wp-content\/uploads\/2023\/01\/narzedzia.png","width":130,"height":130,"caption":"MAJSTERKOWANIE.edu.pl"},"image":{"@id":"http:\/\/majsterkowanie.edu.pl\/#\/schema\/logo\/image\/"}}]}},"_links":{"self":[{"href":"https:\/\/majsterkowanie.edu.pl\/index.php\/wp-json\/wp\/v2\/pages\/44","targetHints":{"allow":["GET"]}}],"collection":[{"href":"https:\/\/majsterkowanie.edu.pl\/index.php\/wp-json\/wp\/v2\/pages"}],"about":[{"href":"https:\/\/majsterkowanie.edu.pl\/index.php\/wp-json\/wp\/v2\/types\/page"}],"author":[{"embeddable":true,"href":"https:\/\/majsterkowanie.edu.pl\/index.php\/wp-json\/wp\/v2\/users\/1"}],"replies":[{"embeddable":true,"href":"https:\/\/majsterkowanie.edu.pl\/index.php\/wp-json\/wp\/v2\/comments?post=44"}],"version-history":[{"count":20,"href":"https:\/\/majsterkowanie.edu.pl\/index.php\/wp-json\/wp\/v2\/pages\/44\/revisions"}],"predecessor-version":[{"id":199,"href":"https:\/\/majsterkowanie.edu.pl\/index.php\/wp-json\/wp\/v2\/pages\/44\/revisions\/199"}],"wp:attachment":[{"href":"https:\/\/majsterkowanie.edu.pl\/index.php\/wp-json\/wp\/v2\/media?parent=44"}],"curies":[{"name":"wp","href":"https:\/\/api.w.org\/{rel}","templated":true}]}}