{"id":50,"date":"2023-01-10T12:30:00","date_gmt":"2023-01-10T12:30:00","guid":{"rendered":"http:\/\/majsterkowanie.edu.pl\/?page_id=50"},"modified":"2025-03-09T00:25:29","modified_gmt":"2025-03-09T00:25:29","slug":"zajecia","status":"publish","type":"page","link":"https:\/\/majsterkowanie.edu.pl\/index.php\/zajecia\/","title":{"rendered":"ZAJ\u0118CIA"},"content":{"rendered":"\n<div class=\"wp-block-cover\"><span aria-hidden=\"true\" class=\"wp-block-cover__background has-background-dim-20 has-background-dim\"><\/span><img loading=\"lazy\" decoding=\"async\" width=\"2560\" height=\"1920\" class=\"wp-block-cover__image-background wp-image-128\" alt=\"\" src=\"http:\/\/majsterkowanie.edu.pl\/wp-content\/uploads\/2023\/01\/201006091433-2-scaled.jpg\" data-object-fit=\"cover\" srcset=\"https:\/\/majsterkowanie.edu.pl\/wp-content\/uploads\/2023\/01\/201006091433-2-scaled.jpg 2560w, https:\/\/majsterkowanie.edu.pl\/wp-content\/uploads\/2023\/01\/201006091433-2-300x225.jpg 300w, https:\/\/majsterkowanie.edu.pl\/wp-content\/uploads\/2023\/01\/201006091433-2-1024x768.jpg 1024w, https:\/\/majsterkowanie.edu.pl\/wp-content\/uploads\/2023\/01\/201006091433-2-768x576.jpg 768w, https:\/\/majsterkowanie.edu.pl\/wp-content\/uploads\/2023\/01\/201006091433-2-1536x1152.jpg 1536w, https:\/\/majsterkowanie.edu.pl\/wp-content\/uploads\/2023\/01\/201006091433-2-2048x1536.jpg 2048w\" sizes=\"auto, (max-width: 2560px) 100vw, 2560px\" \/><div class=\"wp-block-cover__inner-container is-layout-flow wp-block-cover-is-layout-flow\">\n<p class=\"has-text-align-center has-large-font-size\"><\/p>\n<\/div><\/div>\n\n\n\n<p class=\"has-text-align-center\"><strong>Zapraszamy na zaj\u0119cia z majsterkowania dla dzieci (a niekt\u00f3re tak\u017ce dla doros\u0142ych!)<\/strong><br><strong>Zaj\u0119cia maj\u0105 charakter przekrojowy: \u0142\u0105cz\u0105 r\u00f3\u017cne dziedziny i rodzaje tw\u00f3rczo\u015bci, takie jak:<\/strong><\/p>\n\n\n\n<div class=\"wp-block-columns is-layout-flex wp-container-core-columns-is-layout-9d6595d7 wp-block-columns-is-layout-flex\">\n<div class=\"wp-block-column is-layout-flow wp-block-column-is-layout-flow\">\n<p><\/p>\n\n\n<div class=\"wp-block-image\">\n<figure class=\"aligncenter size-full\"><img loading=\"lazy\" decoding=\"async\" width=\"130\" height=\"130\" src=\"http:\/\/majsterkowanie.edu.pl\/wp-content\/uploads\/2023\/01\/atom.png\" alt=\"\" class=\"wp-image-166\"\/><\/figure>\n<\/div>\n\n\n<h3 class=\"wp-block-heading has-text-align-center has-neve-text-color-color has-text-color\">NAUKA<\/h3>\n\n\n\n<p class=\"has-text-align-center\">zdobywamy wiedz\u0119 z r\u00f3\u017cnych dziedzin nauki przez rozmow\u0119 i pokazy ale przede wszystkim eksperymenty np. z maszynami prostymi, ko\u0142ami, wod\u0105, optyk\u0105, pr\u0105dem i wieloma innymi ciekawymi zagadnieniami naukowymi w codziennym i niecodziennym wydaniu<\/p>\n\n\n\n<div style=\"height:20px\" aria-hidden=\"true\" class=\"wp-block-spacer\"><\/div>\n<\/div>\n\n\n\n<div class=\"wp-block-column is-layout-flow wp-block-column-is-layout-flow\">\n<p><\/p>\n\n\n<div class=\"wp-block-image\">\n<figure class=\"aligncenter size-full\"><img loading=\"lazy\" decoding=\"async\" width=\"130\" height=\"130\" src=\"http:\/\/majsterkowanie.edu.pl\/wp-content\/uploads\/2023\/01\/narzedzia.png\" alt=\"\" class=\"wp-image-168\"\/><\/figure>\n<\/div>\n\n\n<h3 class=\"wp-block-heading has-text-align-center has-neve-text-color-color has-text-color\">TECHNIKA<\/h3>\n\n\n\n<p class=\"has-text-align-center\">uczymy si\u0119 i \u0107wiczymy obs\u0142ug\u0119 prostych narz\u0119dzi jak o\u0142\u00f3wek i linijka ale tak\u017ce m\u0142otek, pi\u0142a, wiertarka, a\u017c po specjalistyczne sprz\u0119ty stolarskie czy \u015blusarskie itd <br>wykonujemy karmniki, domki, zabawki, mebelki, ramki, p\u00f3\u0142ki, naprawiamy rowery itd itd<\/p>\n<\/div>\n\n\n\n<div class=\"wp-block-column is-layout-flow wp-block-column-is-layout-flow\">\n<p><\/p>\n\n\n<div class=\"wp-block-image\">\n<figure class=\"aligncenter size-full\"><img loading=\"lazy\" decoding=\"async\" width=\"130\" height=\"130\" src=\"http:\/\/majsterkowanie.edu.pl\/wp-content\/uploads\/2023\/01\/pedzel.png\" alt=\"\" class=\"wp-image-169\"\/><\/figure>\n<\/div>\n\n\n<h3 class=\"wp-block-heading has-text-align-center has-neve-text-color-color has-text-color\">SZTUKA<\/h3>\n\n\n\n<p class=\"has-text-align-center\">rozwijamy kreatywno\u015b\u0107 i wra\u017cliwo\u015b\u0107 na sztuk\u0119, poznajemy r\u00f3\u017cne techniki plastyczne, rysujemy, kleimy, malujemy na p\u0142\u00f3tnie, lepimy z gliny, robimy mozaiki i ozdoby \u015bwi\u0105teczne, zajmujemy si\u0119 fotografi\u0105, luksografi\u0105 i wieloma innymi pi\u0119knymi rzeczami<\/p>\n\n\n\n<div style=\"height:20px\" aria-hidden=\"true\" class=\"wp-block-spacer\"><\/div>\n<\/div>\n<\/div>\n\n\n\n<p class=\"has-text-align-center\">Wiele zaj\u0119\u0107 ma charakter \u0142\u0105cz\u0105cy r\u00f3\u017cne prace i nie da si\u0119 ich przypisa\u0107 do jednej konkretnej dziedziny. <br>Przyk\u0142adowo kompletne zaj\u0119cia z malowanie to: robienie w\u0142asnych blejtram, przygotowanie p\u0142\u00f3tna, rozmowa na temat r\u00f3\u017cnych technik malarskich, <br>dopiero malowanie i na koniec wykonywanie w\u0142asnych ram i ich zdobienie. <br>W ten spos\u00f3b dziecko\/ doros\u0142y otrzymuje obraz na p\u0142\u00f3tnie w ca\u0142o\u015bci wykonany przez siebie<br><br>Wszystkie zaj\u0119cia \u0107wicz\u0105 kreatywno\u015b\u0107, zwi\u0119kszaj\u0105 zdolno\u015bci manualne, ucz\u0105 zaradno\u015bci.<br>Dzieci w zale\u017cno\u015bci od rodzaju i tematu warsztat\u00f3w pracuj\u0105 samodzielnie lub w grupach.<br>K\u0142adziemy nacisk na to \u017ceby dzieci same eksperymentowa\u0142y i szuka\u0142y rozwi\u0105za\u0144<br>a nast\u0119pnie pr\u00f3bowa\u0142y je wprowadzi\u0107 w \u017cycie, w\u0142asnymi pr\u00f3bami.<br>Na wielu zaj\u0119ciach dzieci wykonuj\u0105 r\u00f3\u017cne gad\u017cety kt\u00f3re potem zabieraj\u0105 do dom\u00f3w. <\/p>\n\n\n\n<p class=\"has-text-align-center\">Warsztaty mog\u0105 mie\u0107 r\u00f3\u017cn\u0105 form\u0119:<\/p>\n\n\n\n<p><strong>zaj\u0119cia cotygodniowe <\/strong>&#8211; odbywaj\u0105 si\u0119 w zorganizowanych grupach we wsp\u00f3\u0142pracuj\u0105cych z nami szko\u0142ach podstawowych na terenie Krakowa i okolic. Odbywaj\u0105 si\u0119 zwykle raz w tygodniu i trwaj\u0105 oko\u0142o godziny, chyba \u017ce si\u0119 zapomnimy to d\u0142u\u017cej \ud83d\ude09<\/p>\n\n\n\n<p><strong>zaj\u0119cia specjalne\/eventowe<\/strong> &#8211; realizowane na zlecenie w z okazji urodzin, ferii, kolonii itp<br>mog\u0105 by\u0107 dostosowane do dzieci w r\u00f3\u017cnym wieku, a nawet doros\u0142ych, a tak\u017ce dla zespo\u0142\u00f3w dzieci z rodzicami<br><br><strong>zaj\u0119cia z rodzicami<\/strong> &#8211; realizowane okazjonalnie lub na zlecenie, na nich zbudujecie razem karmnik lub budk\u0119 dla ptak\u00f3w, domek dla je\u017cy, stroik \u015bwi\u0105teczny, dom dla lalek czy zamek dla rycerzy gad\u017cety przydatne do domu, stroiki, obrazy i wiele innych<\/p>\n\n\n\n<p class=\"has-text-align-center\">Je\u015bli chcesz zam\u00f3wi\u0107 zaj\u0119cia warsztatowe, do\u0142\u0105czy\u0107 do grupy lub zaprosi\u0107 nas do swojej szko\u0142y &#8211; zapraszamy do <a href=\"http:\/\/majsterkowanie.edu.pl\/index.php\/kontakt2\/\" data-type=\"page\" data-id=\"44\">kontaktu<\/a>.<\/p>\n","protected":false},"excerpt":{"rendered":"<p>Zapraszamy na zaj\u0119cia z majsterkowania dla dzieci (a niekt\u00f3re tak\u017ce dla doros\u0142ych!)Zaj\u0119cia maj\u0105 charakter przekrojowy: \u0142\u0105cz\u0105 r\u00f3\u017cne dziedziny i rodzaje tw\u00f3rczo\u015bci, takie jak: NAUKA zdobywamy wiedz\u0119 z r\u00f3\u017cnych dziedzin nauki przez rozmow\u0119 i pokazy ale przede wszystkim eksperymenty np. z maszynami prostymi, ko\u0142ami, wod\u0105, optyk\u0105, pr\u0105dem i wieloma innymi ciekawymi zagadnieniami naukowymi w codziennym i&hellip;&nbsp;<a href=\"https:\/\/majsterkowanie.edu.pl\/index.php\/zajecia\/\" class=\"\" rel=\"bookmark\">Czytaj dalej &raquo;<span class=\"screen-reader-text\">ZAJ\u0118CIA<\/span><\/a><\/p>\n","protected":false},"author":1,"featured_media":0,"parent":0,"menu_order":0,"comment_status":"closed","ping_status":"closed","template":"","meta":{"neve_meta_sidebar":"","neve_meta_container":"","neve_meta_enable_content_width":"","neve_meta_content_width":0,"neve_meta_title_alignment":"","neve_meta_author_avatar":"","neve_post_elements_order":"","neve_meta_disable_header":"","neve_meta_disable_footer":"","neve_meta_disable_title":"","footnotes":""},"class_list":["post-50","page","type-page","status-publish","hentry"],"yoast_head":"<!-- This site is optimized with the Yoast SEO plugin v20.4 - https:\/\/yoast.com\/wordpress\/plugins\/seo\/ -->\n<title>ZAJ\u0118CIA - MAJSTERKOWANIE.edu.pl<\/title>\n<meta name=\"robots\" content=\"index, follow, max-snippet:-1, max-image-preview:large, max-video-preview:-1\" \/>\n<link rel=\"canonical\" href=\"https:\/\/majsterkowanie.edu.pl\/index.php\/zajecia\/\" \/>\n<meta property=\"og:locale\" content=\"pl_PL\" \/>\n<meta property=\"og:type\" content=\"article\" \/>\n<meta property=\"og:title\" content=\"ZAJ\u0118CIA - MAJSTERKOWANIE.edu.pl\" \/>\n<meta property=\"og:description\" content=\"Zapraszamy na zaj\u0119cia z majsterkowania dla dzieci (a niekt\u00f3re tak\u017ce dla doros\u0142ych!)Zaj\u0119cia maj\u0105 charakter przekrojowy: \u0142\u0105cz\u0105 r\u00f3\u017cne dziedziny i rodzaje tw\u00f3rczo\u015bci, takie jak: NAUKA zdobywamy wiedz\u0119 z r\u00f3\u017cnych dziedzin nauki przez rozmow\u0119 i pokazy ale przede wszystkim eksperymenty np. z maszynami prostymi, ko\u0142ami, wod\u0105, optyk\u0105, pr\u0105dem i wieloma innymi ciekawymi zagadnieniami naukowymi w codziennym i&hellip;&nbsp;Czytaj dalej &raquo;ZAJ\u0118CIA\" \/>\n<meta property=\"og:url\" content=\"https:\/\/majsterkowanie.edu.pl\/index.php\/zajecia\/\" \/>\n<meta property=\"og:site_name\" content=\"MAJSTERKOWANIE.edu.pl\" \/>\n<meta property=\"article:modified_time\" content=\"2025-03-09T00:25:29+00:00\" \/>\n<meta property=\"og:image\" content=\"http:\/\/majsterkowanie.edu.pl\/wp-content\/uploads\/2023\/01\/201006091433-2-scaled.jpg\" \/>\n<meta name=\"twitter:card\" content=\"summary_large_image\" \/>\n<meta name=\"twitter:label1\" content=\"Szacowany czas czytania\" \/>\n\t<meta name=\"twitter:data1\" content=\"3 minuty\" \/>\n<script type=\"application\/ld+json\" class=\"yoast-schema-graph\">{\"@context\":\"https:\/\/schema.org\",\"@graph\":[{\"@type\":\"WebPage\",\"@id\":\"https:\/\/majsterkowanie.edu.pl\/index.php\/zajecia\/\",\"url\":\"https:\/\/majsterkowanie.edu.pl\/index.php\/zajecia\/\",\"name\":\"ZAJ\u0118CIA - MAJSTERKOWANIE.edu.pl\",\"isPartOf\":{\"@id\":\"http:\/\/majsterkowanie.edu.pl\/#website\"},\"datePublished\":\"2023-01-10T12:30:00+00:00\",\"dateModified\":\"2025-03-09T00:25:29+00:00\",\"breadcrumb\":{\"@id\":\"https:\/\/majsterkowanie.edu.pl\/index.php\/zajecia\/#breadcrumb\"},\"inLanguage\":\"pl-PL\",\"potentialAction\":[{\"@type\":\"ReadAction\",\"target\":[\"https:\/\/majsterkowanie.edu.pl\/index.php\/zajecia\/\"]}]},{\"@type\":\"BreadcrumbList\",\"@id\":\"https:\/\/majsterkowanie.edu.pl\/index.php\/zajecia\/#breadcrumb\",\"itemListElement\":[{\"@type\":\"ListItem\",\"position\":1,\"name\":\"Strona g\u0142\u00f3wna\",\"item\":\"http:\/\/majsterkowanie.edu.pl\/\"},{\"@type\":\"ListItem\",\"position\":2,\"name\":\"ZAJ\u0118CIA\"}]},{\"@type\":\"WebSite\",\"@id\":\"http:\/\/majsterkowanie.edu.pl\/#website\",\"url\":\"http:\/\/majsterkowanie.edu.pl\/\",\"name\":\"MAJSTERKOWANIE.edu.pl\",\"description\":\"kreatywne zaj\u0119cia dla dzieci\",\"publisher\":{\"@id\":\"http:\/\/majsterkowanie.edu.pl\/#organization\"},\"potentialAction\":[{\"@type\":\"SearchAction\",\"target\":{\"@type\":\"EntryPoint\",\"urlTemplate\":\"http:\/\/majsterkowanie.edu.pl\/?s={search_term_string}\"},\"query-input\":\"required name=search_term_string\"}],\"inLanguage\":\"pl-PL\"},{\"@type\":\"Organization\",\"@id\":\"http:\/\/majsterkowanie.edu.pl\/#organization\",\"name\":\"MAJSTERKOWANIE.edu.pl\",\"url\":\"http:\/\/majsterkowanie.edu.pl\/\",\"logo\":{\"@type\":\"ImageObject\",\"inLanguage\":\"pl-PL\",\"@id\":\"http:\/\/majsterkowanie.edu.pl\/#\/schema\/logo\/image\/\",\"url\":\"https:\/\/majsterkowanie.edu.pl\/wp-content\/uploads\/2023\/01\/narzedzia.png\",\"contentUrl\":\"https:\/\/majsterkowanie.edu.pl\/wp-content\/uploads\/2023\/01\/narzedzia.png\",\"width\":130,\"height\":130,\"caption\":\"MAJSTERKOWANIE.edu.pl\"},\"image\":{\"@id\":\"http:\/\/majsterkowanie.edu.pl\/#\/schema\/logo\/image\/\"}}]}<\/script>\n<!-- \/ Yoast SEO plugin. -->","yoast_head_json":{"title":"ZAJ\u0118CIA - MAJSTERKOWANIE.edu.pl","robots":{"index":"index","follow":"follow","max-snippet":"max-snippet:-1","max-image-preview":"max-image-preview:large","max-video-preview":"max-video-preview:-1"},"canonical":"https:\/\/majsterkowanie.edu.pl\/index.php\/zajecia\/","og_locale":"pl_PL","og_type":"article","og_title":"ZAJ\u0118CIA - MAJSTERKOWANIE.edu.pl","og_description":"Zapraszamy na zaj\u0119cia z majsterkowania dla dzieci (a niekt\u00f3re tak\u017ce dla doros\u0142ych!)Zaj\u0119cia maj\u0105 charakter przekrojowy: \u0142\u0105cz\u0105 r\u00f3\u017cne dziedziny i rodzaje tw\u00f3rczo\u015bci, takie jak: NAUKA zdobywamy wiedz\u0119 z r\u00f3\u017cnych dziedzin nauki przez rozmow\u0119 i pokazy ale przede wszystkim eksperymenty np. z maszynami prostymi, ko\u0142ami, wod\u0105, optyk\u0105, pr\u0105dem i wieloma innymi ciekawymi zagadnieniami naukowymi w codziennym i&hellip;&nbsp;Czytaj dalej &raquo;ZAJ\u0118CIA","og_url":"https:\/\/majsterkowanie.edu.pl\/index.php\/zajecia\/","og_site_name":"MAJSTERKOWANIE.edu.pl","article_modified_time":"2025-03-09T00:25:29+00:00","og_image":[{"url":"http:\/\/majsterkowanie.edu.pl\/wp-content\/uploads\/2023\/01\/201006091433-2-scaled.jpg"}],"twitter_card":"summary_large_image","twitter_misc":{"Szacowany czas czytania":"3 minuty"},"schema":{"@context":"https:\/\/schema.org","@graph":[{"@type":"WebPage","@id":"https:\/\/majsterkowanie.edu.pl\/index.php\/zajecia\/","url":"https:\/\/majsterkowanie.edu.pl\/index.php\/zajecia\/","name":"ZAJ\u0118CIA - MAJSTERKOWANIE.edu.pl","isPartOf":{"@id":"http:\/\/majsterkowanie.edu.pl\/#website"},"datePublished":"2023-01-10T12:30:00+00:00","dateModified":"2025-03-09T00:25:29+00:00","breadcrumb":{"@id":"https:\/\/majsterkowanie.edu.pl\/index.php\/zajecia\/#breadcrumb"},"inLanguage":"pl-PL","potentialAction":[{"@type":"ReadAction","target":["https:\/\/majsterkowanie.edu.pl\/index.php\/zajecia\/"]}]},{"@type":"BreadcrumbList","@id":"https:\/\/majsterkowanie.edu.pl\/index.php\/zajecia\/#breadcrumb","itemListElement":[{"@type":"ListItem","position":1,"name":"Strona g\u0142\u00f3wna","item":"http:\/\/majsterkowanie.edu.pl\/"},{"@type":"ListItem","position":2,"name":"ZAJ\u0118CIA"}]},{"@type":"WebSite","@id":"http:\/\/majsterkowanie.edu.pl\/#website","url":"http:\/\/majsterkowanie.edu.pl\/","name":"MAJSTERKOWANIE.edu.pl","description":"kreatywne zaj\u0119cia dla dzieci","publisher":{"@id":"http:\/\/majsterkowanie.edu.pl\/#organization"},"potentialAction":[{"@type":"SearchAction","target":{"@type":"EntryPoint","urlTemplate":"http:\/\/majsterkowanie.edu.pl\/?s={search_term_string}"},"query-input":"required name=search_term_string"}],"inLanguage":"pl-PL"},{"@type":"Organization","@id":"http:\/\/majsterkowanie.edu.pl\/#organization","name":"MAJSTERKOWANIE.edu.pl","url":"http:\/\/majsterkowanie.edu.pl\/","logo":{"@type":"ImageObject","inLanguage":"pl-PL","@id":"http:\/\/majsterkowanie.edu.pl\/#\/schema\/logo\/image\/","url":"https:\/\/majsterkowanie.edu.pl\/wp-content\/uploads\/2023\/01\/narzedzia.png","contentUrl":"https:\/\/majsterkowanie.edu.pl\/wp-content\/uploads\/2023\/01\/narzedzia.png","width":130,"height":130,"caption":"MAJSTERKOWANIE.edu.pl"},"image":{"@id":"http:\/\/majsterkowanie.edu.pl\/#\/schema\/logo\/image\/"}}]}},"_links":{"self":[{"href":"https:\/\/majsterkowanie.edu.pl\/index.php\/wp-json\/wp\/v2\/pages\/50","targetHints":{"allow":["GET"]}}],"collection":[{"href":"https:\/\/majsterkowanie.edu.pl\/index.php\/wp-json\/wp\/v2\/pages"}],"about":[{"href":"https:\/\/majsterkowanie.edu.pl\/index.php\/wp-json\/wp\/v2\/types\/page"}],"author":[{"embeddable":true,"href":"https:\/\/majsterkowanie.edu.pl\/index.php\/wp-json\/wp\/v2\/users\/1"}],"replies":[{"embeddable":true,"href":"https:\/\/majsterkowanie.edu.pl\/index.php\/wp-json\/wp\/v2\/comments?post=50"}],"version-history":[{"count":21,"href":"https:\/\/majsterkowanie.edu.pl\/index.php\/wp-json\/wp\/v2\/pages\/50\/revisions"}],"predecessor-version":[{"id":478,"href":"https:\/\/majsterkowanie.edu.pl\/index.php\/wp-json\/wp\/v2\/pages\/50\/revisions\/478"}],"wp:attachment":[{"href":"https:\/\/majsterkowanie.edu.pl\/index.php\/wp-json\/wp\/v2\/media?parent=50"}],"curies":[{"name":"wp","href":"https:\/\/api.w.org\/{rel}","templated":true}]}}