{"id":6,"date":"2023-01-09T22:12:09","date_gmt":"2023-01-09T22:12:09","guid":{"rendered":"http:\/\/majsterkowanie.edu.pl\/?page_id=6"},"modified":"2023-02-06T09:08:04","modified_gmt":"2023-02-06T09:08:04","slug":"o-nas","status":"publish","type":"page","link":"https:\/\/majsterkowanie.edu.pl\/index.php\/o-nas\/","title":{"rendered":"O NAS"},"content":{"rendered":"\n<div class=\"wp-block-columns is-layout-flex wp-container-core-columns-is-layout-9d6595d7 wp-block-columns-is-layout-flex\">\n<div class=\"wp-block-column is-layout-flow wp-block-column-is-layout-flow\">\n<div class=\"wp-block-cover\"><span aria-hidden=\"true\" class=\"wp-block-cover__background has-background-dim-20 has-background-dim\"><\/span><img loading=\"lazy\" decoding=\"async\" width=\"2560\" height=\"946\" class=\"wp-block-cover__image-background wp-image-135\" alt=\"\" src=\"http:\/\/majsterkowanie.edu.pl\/wp-content\/uploads\/2023\/01\/2-IMG_2506aaa-1-scaled.jpg\" data-object-fit=\"cover\" srcset=\"https:\/\/majsterkowanie.edu.pl\/wp-content\/uploads\/2023\/01\/2-IMG_2506aaa-1-scaled.jpg 2560w, https:\/\/majsterkowanie.edu.pl\/wp-content\/uploads\/2023\/01\/2-IMG_2506aaa-1-300x111.jpg 300w, https:\/\/majsterkowanie.edu.pl\/wp-content\/uploads\/2023\/01\/2-IMG_2506aaa-1-1024x378.jpg 1024w, https:\/\/majsterkowanie.edu.pl\/wp-content\/uploads\/2023\/01\/2-IMG_2506aaa-1-768x284.jpg 768w, https:\/\/majsterkowanie.edu.pl\/wp-content\/uploads\/2023\/01\/2-IMG_2506aaa-1-1536x568.jpg 1536w, https:\/\/majsterkowanie.edu.pl\/wp-content\/uploads\/2023\/01\/2-IMG_2506aaa-1-2048x757.jpg 2048w\" sizes=\"auto, (max-width: 2560px) 100vw, 2560px\" \/><div class=\"wp-block-cover__inner-container is-layout-flow wp-block-cover-is-layout-flow\">\n<p class=\"has-text-align-center has-large-font-size\"><\/p>\n<\/div><\/div>\n\n\n\n<p class=\"has-text-align-center\"><strong>Pracujemy z dzie\u0107mi i doros\u0142ymi od kilkunastu lat.<br>Organizowali\u015bmy i obs\u0142ugiwali\u015bmy dziesi\u0105tki imprez, zar\u00f3wno du\u017cych firmowych jak i ma\u0142ych klasowych.<br>Dysponujemy warsztatem na obrze\u017cach Krakowa, w kt\u00f3rym realizujemy r\u00f3wnie\u017c normalne budowlane zlecenia.<br>\u0141\u0105cz\u0105c do\u015bwiadczenie w pracy z lud\u017ami i warsztatowe stworzyli\u015bmy zaj\u0119cia z majsterkowania.<br>Prowadzimy warsztaty w szko\u0142ach, domach kultury, na imprezach dzieci\u0119cych czy firmowych.<br>Spotkania kt\u00f3re prowadzimy nie ograniczaj\u0105 si\u0119 do jednej dziedziny jak pi\u0142ka, roboty czy malowanie.<br>Staramy si\u0119 podchodzi\u0107 do tematu tw\u00f3rczo\u015bci w spos\u00f3b holistyczny i \u0142\u0105czymy r\u00f3\u017cne dziedziny nauki, techniki, sztuki.<\/strong><\/p>\n\n\n\n<p class=\"has-text-align-center\"><strong>Zale\u017cy nam aby dzieci rozwija\u0142y wyobra\u017ani\u0119 i krytyczne my\u015blenie.<br>W trakcie samodzielnych prac z r\u00f3\u017cnymi narz\u0119dziami rozwijamy zdolno\u015bci manualne.<br>Wierzymy \u017ce zdobyte z nami kompetencje zaprocentuj\u0105 w domu, szkole, pracy.<\/strong><\/p>\n\n\n\n<p class=\"has-text-align-center\"><strong>Zapraszamy na nasze zaj\u0119cia!<\/strong><\/p>\n<\/div>\n<\/div>\n","protected":false},"excerpt":{"rendered":"<p>Pracujemy z dzie\u0107mi i doros\u0142ymi od kilkunastu lat.Organizowali\u015bmy i obs\u0142ugiwali\u015bmy dziesi\u0105tki imprez, zar\u00f3wno du\u017cych firmowych jak i ma\u0142ych klasowych.Dysponujemy warsztatem na obrze\u017cach Krakowa, w kt\u00f3rym realizujemy r\u00f3wnie\u017c normalne budowlane zlecenia.\u0141\u0105cz\u0105c do\u015bwiadczenie w pracy z lud\u017ami i warsztatowe stworzyli\u015bmy zaj\u0119cia z majsterkowania.Prowadzimy warsztaty w szko\u0142ach, domach kultury, na imprezach dzieci\u0119cych czy firmowych.Spotkania kt\u00f3re prowadzimy nie ograniczaj\u0105&hellip;&nbsp;<a href=\"https:\/\/majsterkowanie.edu.pl\/index.php\/o-nas\/\" class=\"\" rel=\"bookmark\">Czytaj dalej &raquo;<span class=\"screen-reader-text\">O NAS<\/span><\/a><\/p>\n","protected":false},"author":1,"featured_media":0,"parent":0,"menu_order":0,"comment_status":"closed","ping_status":"closed","template":"","meta":{"neve_meta_sidebar":"","neve_meta_container":"","neve_meta_enable_content_width":"on","neve_meta_content_width":100,"neve_meta_title_alignment":"","neve_meta_author_avatar":"","neve_post_elements_order":"","neve_meta_disable_header":"","neve_meta_disable_footer":"","neve_meta_disable_title":"on","footnotes":""},"class_list":["post-6","page","type-page","status-publish","hentry"],"yoast_head":"<!-- This site is optimized with the Yoast SEO plugin v20.4 - https:\/\/yoast.com\/wordpress\/plugins\/seo\/ -->\n<title>O NAS - MAJSTERKOWANIE.edu.pl<\/title>\n<meta name=\"robots\" content=\"index, follow, max-snippet:-1, max-image-preview:large, max-video-preview:-1\" \/>\n<link rel=\"canonical\" href=\"https:\/\/majsterkowanie.edu.pl\/index.php\/o-nas\/\" \/>\n<meta property=\"og:locale\" content=\"pl_PL\" \/>\n<meta property=\"og:type\" content=\"article\" \/>\n<meta property=\"og:title\" content=\"O NAS - MAJSTERKOWANIE.edu.pl\" \/>\n<meta property=\"og:description\" content=\"Pracujemy z dzie\u0107mi i doros\u0142ymi od kilkunastu lat.Organizowali\u015bmy i obs\u0142ugiwali\u015bmy dziesi\u0105tki imprez, zar\u00f3wno du\u017cych firmowych jak i ma\u0142ych klasowych.Dysponujemy warsztatem na obrze\u017cach Krakowa, w kt\u00f3rym realizujemy r\u00f3wnie\u017c normalne budowlane zlecenia.\u0141\u0105cz\u0105c do\u015bwiadczenie w pracy z lud\u017ami i warsztatowe stworzyli\u015bmy zaj\u0119cia z majsterkowania.Prowadzimy warsztaty w szko\u0142ach, domach kultury, na imprezach dzieci\u0119cych czy firmowych.Spotkania kt\u00f3re prowadzimy nie ograniczaj\u0105&hellip;&nbsp;Czytaj dalej &raquo;O NAS\" \/>\n<meta property=\"og:url\" content=\"https:\/\/majsterkowanie.edu.pl\/index.php\/o-nas\/\" \/>\n<meta property=\"og:site_name\" content=\"MAJSTERKOWANIE.edu.pl\" \/>\n<meta property=\"article:modified_time\" content=\"2023-02-06T09:08:04+00:00\" \/>\n<meta property=\"og:image\" content=\"http:\/\/majsterkowanie.edu.pl\/wp-content\/uploads\/2023\/01\/2-IMG_2506aaa-1-scaled.jpg\" \/>\n<meta name=\"twitter:card\" content=\"summary_large_image\" \/>\n<meta name=\"twitter:label1\" content=\"Szacowany czas czytania\" \/>\n\t<meta name=\"twitter:data1\" content=\"1 minuta\" \/>\n<script type=\"application\/ld+json\" class=\"yoast-schema-graph\">{\"@context\":\"https:\/\/schema.org\",\"@graph\":[{\"@type\":\"WebPage\",\"@id\":\"https:\/\/majsterkowanie.edu.pl\/index.php\/o-nas\/\",\"url\":\"https:\/\/majsterkowanie.edu.pl\/index.php\/o-nas\/\",\"name\":\"O NAS - MAJSTERKOWANIE.edu.pl\",\"isPartOf\":{\"@id\":\"http:\/\/majsterkowanie.edu.pl\/#website\"},\"datePublished\":\"2023-01-09T22:12:09+00:00\",\"dateModified\":\"2023-02-06T09:08:04+00:00\",\"breadcrumb\":{\"@id\":\"https:\/\/majsterkowanie.edu.pl\/index.php\/o-nas\/#breadcrumb\"},\"inLanguage\":\"pl-PL\",\"potentialAction\":[{\"@type\":\"ReadAction\",\"target\":[\"https:\/\/majsterkowanie.edu.pl\/index.php\/o-nas\/\"]}]},{\"@type\":\"BreadcrumbList\",\"@id\":\"https:\/\/majsterkowanie.edu.pl\/index.php\/o-nas\/#breadcrumb\",\"itemListElement\":[{\"@type\":\"ListItem\",\"position\":1,\"name\":\"Strona g\u0142\u00f3wna\",\"item\":\"http:\/\/majsterkowanie.edu.pl\/\"},{\"@type\":\"ListItem\",\"position\":2,\"name\":\"O NAS\"}]},{\"@type\":\"WebSite\",\"@id\":\"http:\/\/majsterkowanie.edu.pl\/#website\",\"url\":\"http:\/\/majsterkowanie.edu.pl\/\",\"name\":\"MAJSTERKOWANIE.edu.pl\",\"description\":\"kreatywne zaj\u0119cia dla dzieci\",\"publisher\":{\"@id\":\"http:\/\/majsterkowanie.edu.pl\/#organization\"},\"potentialAction\":[{\"@type\":\"SearchAction\",\"target\":{\"@type\":\"EntryPoint\",\"urlTemplate\":\"http:\/\/majsterkowanie.edu.pl\/?s={search_term_string}\"},\"query-input\":\"required name=search_term_string\"}],\"inLanguage\":\"pl-PL\"},{\"@type\":\"Organization\",\"@id\":\"http:\/\/majsterkowanie.edu.pl\/#organization\",\"name\":\"MAJSTERKOWANIE.edu.pl\",\"url\":\"http:\/\/majsterkowanie.edu.pl\/\",\"logo\":{\"@type\":\"ImageObject\",\"inLanguage\":\"pl-PL\",\"@id\":\"http:\/\/majsterkowanie.edu.pl\/#\/schema\/logo\/image\/\",\"url\":\"https:\/\/majsterkowanie.edu.pl\/wp-content\/uploads\/2023\/01\/narzedzia.png\",\"contentUrl\":\"https:\/\/majsterkowanie.edu.pl\/wp-content\/uploads\/2023\/01\/narzedzia.png\",\"width\":130,\"height\":130,\"caption\":\"MAJSTERKOWANIE.edu.pl\"},\"image\":{\"@id\":\"http:\/\/majsterkowanie.edu.pl\/#\/schema\/logo\/image\/\"}}]}<\/script>\n<!-- \/ Yoast SEO plugin. -->","yoast_head_json":{"title":"O NAS - MAJSTERKOWANIE.edu.pl","robots":{"index":"index","follow":"follow","max-snippet":"max-snippet:-1","max-image-preview":"max-image-preview:large","max-video-preview":"max-video-preview:-1"},"canonical":"https:\/\/majsterkowanie.edu.pl\/index.php\/o-nas\/","og_locale":"pl_PL","og_type":"article","og_title":"O NAS - MAJSTERKOWANIE.edu.pl","og_description":"Pracujemy z dzie\u0107mi i doros\u0142ymi od kilkunastu lat.Organizowali\u015bmy i obs\u0142ugiwali\u015bmy dziesi\u0105tki imprez, zar\u00f3wno du\u017cych firmowych jak i ma\u0142ych klasowych.Dysponujemy warsztatem na obrze\u017cach Krakowa, w kt\u00f3rym realizujemy r\u00f3wnie\u017c normalne budowlane zlecenia.\u0141\u0105cz\u0105c do\u015bwiadczenie w pracy z lud\u017ami i warsztatowe stworzyli\u015bmy zaj\u0119cia z majsterkowania.Prowadzimy warsztaty w szko\u0142ach, domach kultury, na imprezach dzieci\u0119cych czy firmowych.Spotkania kt\u00f3re prowadzimy nie ograniczaj\u0105&hellip;&nbsp;Czytaj dalej &raquo;O NAS","og_url":"https:\/\/majsterkowanie.edu.pl\/index.php\/o-nas\/","og_site_name":"MAJSTERKOWANIE.edu.pl","article_modified_time":"2023-02-06T09:08:04+00:00","og_image":[{"url":"http:\/\/majsterkowanie.edu.pl\/wp-content\/uploads\/2023\/01\/2-IMG_2506aaa-1-scaled.jpg"}],"twitter_card":"summary_large_image","twitter_misc":{"Szacowany czas czytania":"1 minuta"},"schema":{"@context":"https:\/\/schema.org","@graph":[{"@type":"WebPage","@id":"https:\/\/majsterkowanie.edu.pl\/index.php\/o-nas\/","url":"https:\/\/majsterkowanie.edu.pl\/index.php\/o-nas\/","name":"O NAS - MAJSTERKOWANIE.edu.pl","isPartOf":{"@id":"http:\/\/majsterkowanie.edu.pl\/#website"},"datePublished":"2023-01-09T22:12:09+00:00","dateModified":"2023-02-06T09:08:04+00:00","breadcrumb":{"@id":"https:\/\/majsterkowanie.edu.pl\/index.php\/o-nas\/#breadcrumb"},"inLanguage":"pl-PL","potentialAction":[{"@type":"ReadAction","target":["https:\/\/majsterkowanie.edu.pl\/index.php\/o-nas\/"]}]},{"@type":"BreadcrumbList","@id":"https:\/\/majsterkowanie.edu.pl\/index.php\/o-nas\/#breadcrumb","itemListElement":[{"@type":"ListItem","position":1,"name":"Strona g\u0142\u00f3wna","item":"http:\/\/majsterkowanie.edu.pl\/"},{"@type":"ListItem","position":2,"name":"O NAS"}]},{"@type":"WebSite","@id":"http:\/\/majsterkowanie.edu.pl\/#website","url":"http:\/\/majsterkowanie.edu.pl\/","name":"MAJSTERKOWANIE.edu.pl","description":"kreatywne zaj\u0119cia dla dzieci","publisher":{"@id":"http:\/\/majsterkowanie.edu.pl\/#organization"},"potentialAction":[{"@type":"SearchAction","target":{"@type":"EntryPoint","urlTemplate":"http:\/\/majsterkowanie.edu.pl\/?s={search_term_string}"},"query-input":"required name=search_term_string"}],"inLanguage":"pl-PL"},{"@type":"Organization","@id":"http:\/\/majsterkowanie.edu.pl\/#organization","name":"MAJSTERKOWANIE.edu.pl","url":"http:\/\/majsterkowanie.edu.pl\/","logo":{"@type":"ImageObject","inLanguage":"pl-PL","@id":"http:\/\/majsterkowanie.edu.pl\/#\/schema\/logo\/image\/","url":"https:\/\/majsterkowanie.edu.pl\/wp-content\/uploads\/2023\/01\/narzedzia.png","contentUrl":"https:\/\/majsterkowanie.edu.pl\/wp-content\/uploads\/2023\/01\/narzedzia.png","width":130,"height":130,"caption":"MAJSTERKOWANIE.edu.pl"},"image":{"@id":"http:\/\/majsterkowanie.edu.pl\/#\/schema\/logo\/image\/"}}]}},"_links":{"self":[{"href":"https:\/\/majsterkowanie.edu.pl\/index.php\/wp-json\/wp\/v2\/pages\/6","targetHints":{"allow":["GET"]}}],"collection":[{"href":"https:\/\/majsterkowanie.edu.pl\/index.php\/wp-json\/wp\/v2\/pages"}],"about":[{"href":"https:\/\/majsterkowanie.edu.pl\/index.php\/wp-json\/wp\/v2\/types\/page"}],"author":[{"embeddable":true,"href":"https:\/\/majsterkowanie.edu.pl\/index.php\/wp-json\/wp\/v2\/users\/1"}],"replies":[{"embeddable":true,"href":"https:\/\/majsterkowanie.edu.pl\/index.php\/wp-json\/wp\/v2\/comments?post=6"}],"version-history":[{"count":18,"href":"https:\/\/majsterkowanie.edu.pl\/index.php\/wp-json\/wp\/v2\/pages\/6\/revisions"}],"predecessor-version":[{"id":183,"href":"https:\/\/majsterkowanie.edu.pl\/index.php\/wp-json\/wp\/v2\/pages\/6\/revisions\/183"}],"wp:attachment":[{"href":"https:\/\/majsterkowanie.edu.pl\/index.php\/wp-json\/wp\/v2\/media?parent=6"}],"curies":[{"name":"wp","href":"https:\/\/api.w.org\/{rel}","templated":true}]}}