{"id":633,"date":"2025-08-31T22:31:54","date_gmt":"2025-08-31T22:31:54","guid":{"rendered":"https:\/\/majsterkowanie.edu.pl\/?page_id=633"},"modified":"2026-04-23T09:57:55","modified_gmt":"2026-04-23T09:57:55","slug":"wycieczki","status":"publish","type":"page","link":"https:\/\/majsterkowanie.edu.pl\/index.php\/wycieczki\/","title":{"rendered":"WYCIECZKI"},"content":{"rendered":"\n<p><strong>Podr\u00f3\u017ce kszta\u0142c\u0105! <\/strong><br>Dlatego nasze zaj\u0119cia z majsterkowania (ale te\u017c sportowe czy taneczne) uzupe\u0142niamy rozmaitymi wycieczkami, zar\u00f3wno technicznymi (np. szlakiem in\u017cynierii, architektury itp) jak i krajoznawczymi w kraju i poza jego granicami. <br>Turystyk\u0105 (zawodowo i prywatnie) zajmujemy si\u0119 od wielu lat i wiemy \u017ce wycieczk\u0119 szkoln\u0105 mo\u017cna zrobi\u0107 dobrze i tanio. <br>Dlatego poni\u017cej przedstawiamy wyb\u00f3r prostych, tanich ale solidnie przygotowanych wycieczek szkolnych. <br>Wycieczki s\u0105 skalkulowane szacunkowo na dwie klasy i czterech opiekun\u00f3w (46+4) i wszystkie mieszcz\u0105 si\u0119 cenowo w stu z\u0142otych od dziecka. <br>Na \u017cyczenie mo\u017cemy oczywi\u015bcie zmieni\u0107 atrakcje i przygotowa\u0107 tak\u017ce d\u0142u\u017csze wycieczki zar\u00f3wno w kraju jak i poza jego granicami. <br><br>Dlaczego warto skorzysta\u0107 z tej oferty? <br>&#8211; wszystkie programy s\u0105 samodzielnie opracowane i sprawdzone (bez \u015blepego kopiowania z innych biur czy niesprawdzonych propozycji z generatora AI)<br>&#8211; na wycieczk\u0119 jedzie pilot kt\u00f3ry ma stosowne uprawnienia, do\u015bwiadczenie i zna program, nie jest wolontariuszem, nie jedzie dorywczo albo &#8222;pierwszy raz&#8221; <br>&#8211; je\u015bli w planie jest zwiedzanie to jest te\u017c przewodnik, a je\u015bli jest nas du\u017co i s\u0142abo s\u0142ycha\u0107 to dla uczestnik\u00f3w s\u0105 s\u0142uchawki dla wygodniejszego zwiedzania <br>&#8211; wycieczki s\u0105 tanie poniewa\u017c unikamy zb\u0119dnych koszt\u00f3w, jak: pi\u0119kne biuro w centrum, kilku pracownik\u00f3w do najprostszych prac, prowizje dla po\u015brednik\u00f3w<br>&#8211; programy s\u0105 modyfikowalne, a podej\u015bcie elastyczne poniewa\u017c wiemy co sprzedajemy <br><br><\/p>\n\n\n\n<figure class=\"wp-block-image size-large is-resized\"><img loading=\"lazy\" decoding=\"async\" width=\"1024\" height=\"407\" src=\"https:\/\/majsterkowanie.edu.pl\/wp-content\/uploads\/2025\/08\/jednodniowki-sam-napis-1024x407.png\" alt=\"\" class=\"wp-image-634\" style=\"width:1170px;height:auto\" srcset=\"https:\/\/majsterkowanie.edu.pl\/wp-content\/uploads\/2025\/08\/jednodniowki-sam-napis-1024x407.png 1024w, https:\/\/majsterkowanie.edu.pl\/wp-content\/uploads\/2025\/08\/jednodniowki-sam-napis-300x119.png 300w, https:\/\/majsterkowanie.edu.pl\/wp-content\/uploads\/2025\/08\/jednodniowki-sam-napis-768x305.png 768w, https:\/\/majsterkowanie.edu.pl\/wp-content\/uploads\/2025\/08\/jednodniowki-sam-napis.png 1280w\" sizes=\"auto, (max-width: 1024px) 100vw, 1024px\" \/><\/figure>\n\n\n\n<div class=\"wp-block-media-text is-stacked-on-mobile\" style=\"grid-template-columns:31% auto\"><figure class=\"wp-block-media-text__media\"><img loading=\"lazy\" decoding=\"async\" width=\"678\" height=\"680\" src=\"https:\/\/majsterkowanie.edu.pl\/wp-content\/uploads\/2025\/08\/kolo-dolinki.png\" alt=\"\" class=\"wp-image-645 size-full\" srcset=\"https:\/\/majsterkowanie.edu.pl\/wp-content\/uploads\/2025\/08\/kolo-dolinki.png 678w, https:\/\/majsterkowanie.edu.pl\/wp-content\/uploads\/2025\/08\/kolo-dolinki-300x300.png 300w, https:\/\/majsterkowanie.edu.pl\/wp-content\/uploads\/2025\/08\/kolo-dolinki-150x150.png 150w\" sizes=\"auto, (max-width: 678px) 100vw, 678px\" \/><\/figure><div class=\"wp-block-media-text__content\">\n<p class=\"has-text-align-left\"><strong>Dolinki Podkrakowskie i Jaskinie<\/strong><br>Wycieczka w najbli\u017csze okolice Krakowa czyli na Wy\u017cyn\u0119 Krakowsko-Cz\u0119stochowsk\u0105 i jej najwi\u0119ksze przyrodnicze atrakcje zwi\u0105zane z procesami krasowymi. W czasie tej wycieczki zwiedzamy jaskinie jurajskie, oraz w\u0119drujemy przez dolinki podkrakowskie, a na koniec robimy ognisko i pieczemy kie\u0142baski. Mamy do wyboru kilka jaski\u0144 i dolinek,  mo\u017cemy u\u0142o\u017cy\u0107 r\u00f3\u017cnej d\u0142ugo\u015bci i trudno\u015bci trasy. Na koniec robimy wsp\u00f3lnie ognisko z kie\u0142baskami. <br>Aktualnie taka wycieczka jest tylko u nas.<br><\/p>\n<\/div><\/div>\n\n\n\n<div class=\"wp-block-media-text has-media-on-the-right is-stacked-on-mobile\" style=\"grid-template-columns:auto 31%\"><div class=\"wp-block-media-text__content\">\n<p><strong>Szlak Orlich Gniazd<\/strong><br>Wycieczka na Szlak Orlich Gniazd, odwiedzamy warownie jurajskie, poznajemy histori\u0119 \u015bredniowiecznej ma\u0142opolski. Zwiedzamy zamki np Zamek Kazimierzowski w Ojcowie i dolin\u0119 Pr\u0105dnika, albo Gr\u00f3d na g\u00f3rze Bir\u00f3w i Zamek Ogrodzieniec albo zamek Ogrodzieniec i Pustyni\u0119 B\u0142\u0119dowsk\u0105, albo zamek w Rudnie itd. Mo\u017cliwo\u015bci jest wiele. <br>Opcjonalnie mo\u017cemy te\u017c doda\u0107 do programu ognisko z kie\u0142baskami.<\/p>\n<\/div><figure class=\"wp-block-media-text__media\"><img loading=\"lazy\" decoding=\"async\" width=\"357\" height=\"355\" src=\"https:\/\/majsterkowanie.edu.pl\/wp-content\/uploads\/2025\/08\/kolo-zamek-30x30-2.png\" alt=\"\" class=\"wp-image-657 size-full\" srcset=\"https:\/\/majsterkowanie.edu.pl\/wp-content\/uploads\/2025\/08\/kolo-zamek-30x30-2.png 357w, https:\/\/majsterkowanie.edu.pl\/wp-content\/uploads\/2025\/08\/kolo-zamek-30x30-2-300x298.png 300w, https:\/\/majsterkowanie.edu.pl\/wp-content\/uploads\/2025\/08\/kolo-zamek-30x30-2-150x150.png 150w\" sizes=\"auto, (max-width: 357px) 100vw, 357px\" \/><\/figure><\/div>\n\n\n\n<div class=\"wp-block-media-text is-stacked-on-mobile\" style=\"grid-template-columns:31% auto\"><figure class=\"wp-block-media-text__media\"><img loading=\"lazy\" decoding=\"async\" width=\"355\" height=\"354\" src=\"http:\/\/majsterkowanie.edu.pl\/wp-content\/uploads\/2025\/09\/kolo-pustynia-30x30-z-netu.png\" alt=\"\" class=\"wp-image-688 size-full\" srcset=\"https:\/\/majsterkowanie.edu.pl\/wp-content\/uploads\/2025\/09\/kolo-pustynia-30x30-z-netu.png 355w, https:\/\/majsterkowanie.edu.pl\/wp-content\/uploads\/2025\/09\/kolo-pustynia-30x30-z-netu-300x300.png 300w, https:\/\/majsterkowanie.edu.pl\/wp-content\/uploads\/2025\/09\/kolo-pustynia-30x30-z-netu-150x150.png 150w\" sizes=\"auto, (max-width: 355px) 100vw, 355px\" \/><\/figure><div class=\"wp-block-media-text__content\">\n<p><strong>Pustynia B\u0142\u0119dowska<\/strong> <br>Na tej wycieczce przemierzamy pieszo Polsk\u0105 Sahar\u0119, mamy do wyboru kilka tras i atrakcji obejrzymy ca\u0142\u0105 pustyni\u0119 z najwy\u017cszego punktu widokowego, przejdziemy now\u0105 k\u0142adk\u0105 nad Bia\u0142\u0105 Przemsz\u0105, pobiegamy po piasku, zobaczymy jezioro na pustyni a na koniec zrobimy sobie zabawy na piasku, ognisko i upieczemy kie\u0142baski.<br>Aktualnie taka wycieczka jest tylko u nas \ud83d\ude42 <br><\/p>\n<\/div><\/div>\n\n\n\n<div class=\"wp-block-media-text has-media-on-the-right is-stacked-on-mobile\" style=\"grid-template-columns:auto 31%\"><div class=\"wp-block-media-text__content\">\n<p><strong>Ma\u0142e Pieniny i Szczawnica<\/strong> <br>Jedziemy w Pieniny ruszamy w g\u00f3ry na tras\u0119 kt\u00f3rej d\u0142ugo\u015b\u0107 i trudno\u015b\u0107 dobierzemy do oczekiwa\u0144 grupy, mo\u017ce to by\u0107 Dolina Bia\u0142ej Wody, W\u0105w\u00f3z Homole, Wysoka, Durbaszka itp na koniec mo\u017cemy zorganizowa\u0107 ognisko w g\u00f3rach. Na koniec zrelaksujemy si\u0119 na spacerze przez Szczawnic\u0119, spr\u00f3bujemy leczniczych szczaw i zjemy lody na deser. <\/p>\n<\/div><figure class=\"wp-block-media-text__media\"><img loading=\"lazy\" decoding=\"async\" width=\"354\" height=\"356\" src=\"http:\/\/majsterkowanie.edu.pl\/wp-content\/uploads\/2025\/09\/kolo-homole-30x30-z-netu.png\" alt=\"\" class=\"wp-image-685 size-full\" srcset=\"https:\/\/majsterkowanie.edu.pl\/wp-content\/uploads\/2025\/09\/kolo-homole-30x30-z-netu.png 354w, https:\/\/majsterkowanie.edu.pl\/wp-content\/uploads\/2025\/09\/kolo-homole-30x30-z-netu-298x300.png 298w, https:\/\/majsterkowanie.edu.pl\/wp-content\/uploads\/2025\/09\/kolo-homole-30x30-z-netu-150x150.png 150w\" sizes=\"auto, (max-width: 354px) 100vw, 354px\" \/><\/figure><\/div>\n\n\n\n<div class=\"wp-block-media-text is-stacked-on-mobile\" style=\"grid-template-columns:31% auto\"><figure class=\"wp-block-media-text__media\"><img loading=\"lazy\" decoding=\"async\" width=\"355\" height=\"355\" src=\"http:\/\/majsterkowanie.edu.pl\/wp-content\/uploads\/2025\/09\/kolo-trzykorony-30x30-z-netu.png\" alt=\"\" class=\"wp-image-690 size-full\" srcset=\"https:\/\/majsterkowanie.edu.pl\/wp-content\/uploads\/2025\/09\/kolo-trzykorony-30x30-z-netu.png 355w, https:\/\/majsterkowanie.edu.pl\/wp-content\/uploads\/2025\/09\/kolo-trzykorony-30x30-z-netu-300x300.png 300w, https:\/\/majsterkowanie.edu.pl\/wp-content\/uploads\/2025\/09\/kolo-trzykorony-30x30-z-netu-150x150.png 150w\" sizes=\"auto, (max-width: 355px) 100vw, 355px\" \/><\/figure><div class=\"wp-block-media-text__content\">\n<p><strong>Pieniny, Trzy Korony i Kro\u015bcienko <\/strong><br>Na tej wycieczce ruszamy zdobywa\u0107 nie najwy\u017cszy ale na pewno najbardziej znany szczyt Pienin &#8211; Trzy Korony. Przy okazji odwiedzimy wystaw\u0119 przyrodnicz\u0105, zrelaksujemy si\u0119 nad brzegiem Dunajca, na koniec mo\u017cemy zrobi\u0107 ognisko albo zje\u015b\u0107 obiad w g\u00f3ralskiej karczmie. <\/p>\n<\/div><\/div>\n\n\n\n<div class=\"wp-block-media-text has-media-on-the-right is-stacked-on-mobile\" style=\"grid-template-columns:auto 31%\"><div class=\"wp-block-media-text__content\">\n<p><strong>Tatry<\/strong><br>Na tej wycieczce wyruszamy w najwy\u017csze polskie g\u00f3ry, idziemy na Rusinow\u0105 Polan\u0119 uznawan\u0105 za najpi\u0119kniejsz\u0105 w Tatrach, opcjonalnie do kt\u00f3rej\u015b z dolin Tatrza\u0144skich, pr\u00f3bujemy oscypk\u00f3w, odwiedzamy kaplic\u0119 na Wiktor\u00f3wkach. <br>Dodatkowo w drodze powrotnej mo\u017cemy odwiedzi\u0107 Zakopane lub zrelaksowa\u0107 si\u0119 w Termach.<\/p>\n<\/div><figure class=\"wp-block-media-text__media\"><img loading=\"lazy\" decoding=\"async\" width=\"354\" height=\"355\" src=\"https:\/\/majsterkowanie.edu.pl\/wp-content\/uploads\/2025\/08\/kolo-rusinowa-30x30-1.png\" alt=\"\" class=\"wp-image-659 size-full\" srcset=\"https:\/\/majsterkowanie.edu.pl\/wp-content\/uploads\/2025\/08\/kolo-rusinowa-30x30-1.png 354w, https:\/\/majsterkowanie.edu.pl\/wp-content\/uploads\/2025\/08\/kolo-rusinowa-30x30-1-300x300.png 300w, https:\/\/majsterkowanie.edu.pl\/wp-content\/uploads\/2025\/08\/kolo-rusinowa-30x30-1-150x150.png 150w\" sizes=\"auto, (max-width: 354px) 100vw, 354px\" \/><\/figure><\/div>\n\n\n\n<div class=\"wp-block-media-text is-stacked-on-mobile\" style=\"grid-template-columns:31% auto\"><figure class=\"wp-block-media-text__media\"><img loading=\"lazy\" decoding=\"async\" width=\"356\" height=\"356\" src=\"https:\/\/majsterkowanie.edu.pl\/wp-content\/uploads\/2025\/08\/kolo-jaszczurowka-30x30-1.png\" alt=\"\" class=\"wp-image-660 size-full\" srcset=\"https:\/\/majsterkowanie.edu.pl\/wp-content\/uploads\/2025\/08\/kolo-jaszczurowka-30x30-1.png 356w, https:\/\/majsterkowanie.edu.pl\/wp-content\/uploads\/2025\/08\/kolo-jaszczurowka-30x30-1-300x300.png 300w, https:\/\/majsterkowanie.edu.pl\/wp-content\/uploads\/2025\/08\/kolo-jaszczurowka-30x30-1-150x150.png 150w\" sizes=\"auto, (max-width: 356px) 100vw, 356px\" \/><\/figure><div class=\"wp-block-media-text__content\">\n<p><strong>Zakopane<\/strong><br>Na tej wycieczce odwiedzamy stolic\u0119 Podhala. Przejdziemy na piechot\u0119 ca\u0142e Zakopane od Ku\u017anic po Guba\u0142\u00f3wk\u0119. Zobaczymy Wielk\u0105 Krokiew, Muzeum TPN (zale\u017cnie od terminu i dost\u0119pno\u015bci muzeum), Krup\u00f3wki, pomniki najwa\u017cniejszych Postaci zwi\u0105zanych z regionem takich jak hrabia W\u0142adys\u0142aw Zamoyski, Tytus Cha\u0142ubi\u0144ski czy Jan Krzeptowski &#8222;Saba\u0142a&#8221;, obejrzymy nowy i stary ko\u015bci\u00f3\u0142, cmentarz na P\u0119ksowym Brzyzku, a na koniec wjedziemy na Guba\u0142\u00f3wk\u0119 zje\u015b\u0107 lody i obejrze\u0107 panoram\u0119 Tatr.<br><\/p>\n<\/div><\/div>\n\n\n\n<p><\/p>\n\n\n\n<p><br>Wszystkie powy\u017csze wycieczki mieszcz\u0105 si\u0119 cenowo w granicach stu z\u0142otych od dziecka. <br>Szacunkowa kalkulacja dotyczy wycieczki dla dw\u00f3ch klas i czterech opiekun\u00f3w. (46+4)<br>Dok\u0142adna kalkulacja zale\u017cy od wyboru atrakcji, terminu, i ilo\u015bci dzieci na wycieczce.<br>Oczywi\u015bcie na \u017cyczenie mo\u017cemy zrobi\u0107 tak\u017ce d\u0142u\u017csze wycieczki po Polsce i poza ni\u0105. <br><strong>Zapraszamy do kontaktu: 735-061-555<\/strong><br><\/p>\n\n\n\n<p><\/p>\n","protected":false},"excerpt":{"rendered":"<p>Podr\u00f3\u017ce kszta\u0142c\u0105! Dlatego nasze zaj\u0119cia z majsterkowania (ale te\u017c sportowe czy taneczne) uzupe\u0142niamy rozmaitymi wycieczkami, zar\u00f3wno technicznymi (np. szlakiem in\u017cynierii, architektury itp) jak i krajoznawczymi w kraju i poza jego granicami. Turystyk\u0105 (zawodowo i prywatnie) zajmujemy si\u0119 od wielu lat i wiemy \u017ce wycieczk\u0119 szkoln\u0105 mo\u017cna zrobi\u0107 dobrze i tanio. Dlatego poni\u017cej przedstawiamy wyb\u00f3r prostych,&hellip;&nbsp;<a href=\"https:\/\/majsterkowanie.edu.pl\/index.php\/wycieczki\/\" class=\"\" rel=\"bookmark\">Czytaj dalej &raquo;<span class=\"screen-reader-text\">WYCIECZKI<\/span><\/a><\/p>\n","protected":false},"author":1,"featured_media":0,"parent":0,"menu_order":0,"comment_status":"closed","ping_status":"closed","template":"","meta":{"neve_meta_sidebar":"","neve_meta_container":"","neve_meta_enable_content_width":"","neve_meta_content_width":0,"neve_meta_title_alignment":"","neve_meta_author_avatar":"","neve_post_elements_order":"","neve_meta_disable_header":"","neve_meta_disable_footer":"","neve_meta_disable_title":"","footnotes":""},"class_list":["post-633","page","type-page","status-publish","hentry"],"yoast_head":"<!-- This site is optimized with the Yoast SEO plugin v20.4 - https:\/\/yoast.com\/wordpress\/plugins\/seo\/ -->\n<title>WYCIECZKI - MAJSTERKOWANIE.edu.pl<\/title>\n<meta name=\"robots\" content=\"index, follow, max-snippet:-1, max-image-preview:large, max-video-preview:-1\" \/>\n<link rel=\"canonical\" href=\"https:\/\/majsterkowanie.edu.pl\/index.php\/wycieczki\/\" \/>\n<meta property=\"og:locale\" content=\"pl_PL\" \/>\n<meta property=\"og:type\" content=\"article\" \/>\n<meta property=\"og:title\" content=\"WYCIECZKI - MAJSTERKOWANIE.edu.pl\" \/>\n<meta property=\"og:description\" content=\"Podr\u00f3\u017ce kszta\u0142c\u0105! Dlatego nasze zaj\u0119cia z majsterkowania (ale te\u017c sportowe czy taneczne) uzupe\u0142niamy rozmaitymi wycieczkami, zar\u00f3wno technicznymi (np. szlakiem in\u017cynierii, architektury itp) jak i krajoznawczymi w kraju i poza jego granicami. Turystyk\u0105 (zawodowo i prywatnie) zajmujemy si\u0119 od wielu lat i wiemy \u017ce wycieczk\u0119 szkoln\u0105 mo\u017cna zrobi\u0107 dobrze i tanio. Dlatego poni\u017cej przedstawiamy wyb\u00f3r prostych,&hellip;&nbsp;Czytaj dalej &raquo;WYCIECZKI\" \/>\n<meta property=\"og:url\" content=\"https:\/\/majsterkowanie.edu.pl\/index.php\/wycieczki\/\" \/>\n<meta property=\"og:site_name\" content=\"MAJSTERKOWANIE.edu.pl\" \/>\n<meta property=\"article:modified_time\" content=\"2026-04-23T09:57:55+00:00\" \/>\n<meta property=\"og:image\" content=\"https:\/\/majsterkowanie.edu.pl\/wp-content\/uploads\/2025\/08\/jednodniowki-sam-napis-1024x407.png\" \/>\n<meta name=\"twitter:card\" content=\"summary_large_image\" \/>\n<meta name=\"twitter:label1\" content=\"Szacowany czas czytania\" \/>\n\t<meta name=\"twitter:data1\" content=\"6 minut\" \/>\n<script type=\"application\/ld+json\" class=\"yoast-schema-graph\">{\"@context\":\"https:\/\/schema.org\",\"@graph\":[{\"@type\":\"WebPage\",\"@id\":\"https:\/\/majsterkowanie.edu.pl\/index.php\/wycieczki\/\",\"url\":\"https:\/\/majsterkowanie.edu.pl\/index.php\/wycieczki\/\",\"name\":\"WYCIECZKI - MAJSTERKOWANIE.edu.pl\",\"isPartOf\":{\"@id\":\"http:\/\/majsterkowanie.edu.pl\/#website\"},\"datePublished\":\"2025-08-31T22:31:54+00:00\",\"dateModified\":\"2026-04-23T09:57:55+00:00\",\"breadcrumb\":{\"@id\":\"https:\/\/majsterkowanie.edu.pl\/index.php\/wycieczki\/#breadcrumb\"},\"inLanguage\":\"pl-PL\",\"potentialAction\":[{\"@type\":\"ReadAction\",\"target\":[\"https:\/\/majsterkowanie.edu.pl\/index.php\/wycieczki\/\"]}]},{\"@type\":\"BreadcrumbList\",\"@id\":\"https:\/\/majsterkowanie.edu.pl\/index.php\/wycieczki\/#breadcrumb\",\"itemListElement\":[{\"@type\":\"ListItem\",\"position\":1,\"name\":\"Strona g\u0142\u00f3wna\",\"item\":\"http:\/\/majsterkowanie.edu.pl\/\"},{\"@type\":\"ListItem\",\"position\":2,\"name\":\"WYCIECZKI\"}]},{\"@type\":\"WebSite\",\"@id\":\"http:\/\/majsterkowanie.edu.pl\/#website\",\"url\":\"http:\/\/majsterkowanie.edu.pl\/\",\"name\":\"MAJSTERKOWANIE.edu.pl\",\"description\":\"kreatywne zaj\u0119cia dla dzieci\",\"publisher\":{\"@id\":\"http:\/\/majsterkowanie.edu.pl\/#organization\"},\"potentialAction\":[{\"@type\":\"SearchAction\",\"target\":{\"@type\":\"EntryPoint\",\"urlTemplate\":\"http:\/\/majsterkowanie.edu.pl\/?s={search_term_string}\"},\"query-input\":\"required name=search_term_string\"}],\"inLanguage\":\"pl-PL\"},{\"@type\":\"Organization\",\"@id\":\"http:\/\/majsterkowanie.edu.pl\/#organization\",\"name\":\"MAJSTERKOWANIE.edu.pl\",\"url\":\"http:\/\/majsterkowanie.edu.pl\/\",\"logo\":{\"@type\":\"ImageObject\",\"inLanguage\":\"pl-PL\",\"@id\":\"http:\/\/majsterkowanie.edu.pl\/#\/schema\/logo\/image\/\",\"url\":\"https:\/\/majsterkowanie.edu.pl\/wp-content\/uploads\/2023\/01\/narzedzia.png\",\"contentUrl\":\"https:\/\/majsterkowanie.edu.pl\/wp-content\/uploads\/2023\/01\/narzedzia.png\",\"width\":130,\"height\":130,\"caption\":\"MAJSTERKOWANIE.edu.pl\"},\"image\":{\"@id\":\"http:\/\/majsterkowanie.edu.pl\/#\/schema\/logo\/image\/\"}}]}<\/script>\n<!-- \/ Yoast SEO plugin. -->","yoast_head_json":{"title":"WYCIECZKI - MAJSTERKOWANIE.edu.pl","robots":{"index":"index","follow":"follow","max-snippet":"max-snippet:-1","max-image-preview":"max-image-preview:large","max-video-preview":"max-video-preview:-1"},"canonical":"https:\/\/majsterkowanie.edu.pl\/index.php\/wycieczki\/","og_locale":"pl_PL","og_type":"article","og_title":"WYCIECZKI - MAJSTERKOWANIE.edu.pl","og_description":"Podr\u00f3\u017ce kszta\u0142c\u0105! Dlatego nasze zaj\u0119cia z majsterkowania (ale te\u017c sportowe czy taneczne) uzupe\u0142niamy rozmaitymi wycieczkami, zar\u00f3wno technicznymi (np. szlakiem in\u017cynierii, architektury itp) jak i krajoznawczymi w kraju i poza jego granicami. Turystyk\u0105 (zawodowo i prywatnie) zajmujemy si\u0119 od wielu lat i wiemy \u017ce wycieczk\u0119 szkoln\u0105 mo\u017cna zrobi\u0107 dobrze i tanio. Dlatego poni\u017cej przedstawiamy wyb\u00f3r prostych,&hellip;&nbsp;Czytaj dalej &raquo;WYCIECZKI","og_url":"https:\/\/majsterkowanie.edu.pl\/index.php\/wycieczki\/","og_site_name":"MAJSTERKOWANIE.edu.pl","article_modified_time":"2026-04-23T09:57:55+00:00","og_image":[{"url":"https:\/\/majsterkowanie.edu.pl\/wp-content\/uploads\/2025\/08\/jednodniowki-sam-napis-1024x407.png"}],"twitter_card":"summary_large_image","twitter_misc":{"Szacowany czas czytania":"6 minut"},"schema":{"@context":"https:\/\/schema.org","@graph":[{"@type":"WebPage","@id":"https:\/\/majsterkowanie.edu.pl\/index.php\/wycieczki\/","url":"https:\/\/majsterkowanie.edu.pl\/index.php\/wycieczki\/","name":"WYCIECZKI - MAJSTERKOWANIE.edu.pl","isPartOf":{"@id":"http:\/\/majsterkowanie.edu.pl\/#website"},"datePublished":"2025-08-31T22:31:54+00:00","dateModified":"2026-04-23T09:57:55+00:00","breadcrumb":{"@id":"https:\/\/majsterkowanie.edu.pl\/index.php\/wycieczki\/#breadcrumb"},"inLanguage":"pl-PL","potentialAction":[{"@type":"ReadAction","target":["https:\/\/majsterkowanie.edu.pl\/index.php\/wycieczki\/"]}]},{"@type":"BreadcrumbList","@id":"https:\/\/majsterkowanie.edu.pl\/index.php\/wycieczki\/#breadcrumb","itemListElement":[{"@type":"ListItem","position":1,"name":"Strona g\u0142\u00f3wna","item":"http:\/\/majsterkowanie.edu.pl\/"},{"@type":"ListItem","position":2,"name":"WYCIECZKI"}]},{"@type":"WebSite","@id":"http:\/\/majsterkowanie.edu.pl\/#website","url":"http:\/\/majsterkowanie.edu.pl\/","name":"MAJSTERKOWANIE.edu.pl","description":"kreatywne zaj\u0119cia dla dzieci","publisher":{"@id":"http:\/\/majsterkowanie.edu.pl\/#organization"},"potentialAction":[{"@type":"SearchAction","target":{"@type":"EntryPoint","urlTemplate":"http:\/\/majsterkowanie.edu.pl\/?s={search_term_string}"},"query-input":"required name=search_term_string"}],"inLanguage":"pl-PL"},{"@type":"Organization","@id":"http:\/\/majsterkowanie.edu.pl\/#organization","name":"MAJSTERKOWANIE.edu.pl","url":"http:\/\/majsterkowanie.edu.pl\/","logo":{"@type":"ImageObject","inLanguage":"pl-PL","@id":"http:\/\/majsterkowanie.edu.pl\/#\/schema\/logo\/image\/","url":"https:\/\/majsterkowanie.edu.pl\/wp-content\/uploads\/2023\/01\/narzedzia.png","contentUrl":"https:\/\/majsterkowanie.edu.pl\/wp-content\/uploads\/2023\/01\/narzedzia.png","width":130,"height":130,"caption":"MAJSTERKOWANIE.edu.pl"},"image":{"@id":"http:\/\/majsterkowanie.edu.pl\/#\/schema\/logo\/image\/"}}]}},"_links":{"self":[{"href":"https:\/\/majsterkowanie.edu.pl\/index.php\/wp-json\/wp\/v2\/pages\/633","targetHints":{"allow":["GET"]}}],"collection":[{"href":"https:\/\/majsterkowanie.edu.pl\/index.php\/wp-json\/wp\/v2\/pages"}],"about":[{"href":"https:\/\/majsterkowanie.edu.pl\/index.php\/wp-json\/wp\/v2\/types\/page"}],"author":[{"embeddable":true,"href":"https:\/\/majsterkowanie.edu.pl\/index.php\/wp-json\/wp\/v2\/users\/1"}],"replies":[{"embeddable":true,"href":"https:\/\/majsterkowanie.edu.pl\/index.php\/wp-json\/wp\/v2\/comments?post=633"}],"version-history":[{"count":30,"href":"https:\/\/majsterkowanie.edu.pl\/index.php\/wp-json\/wp\/v2\/pages\/633\/revisions"}],"predecessor-version":[{"id":805,"href":"https:\/\/majsterkowanie.edu.pl\/index.php\/wp-json\/wp\/v2\/pages\/633\/revisions\/805"}],"wp:attachment":[{"href":"https:\/\/majsterkowanie.edu.pl\/index.php\/wp-json\/wp\/v2\/media?parent=633"}],"curies":[{"name":"wp","href":"https:\/\/api.w.org\/{rel}","templated":true}]}}