{"id":98,"date":"2023-01-17T12:16:00","date_gmt":"2023-01-17T12:16:00","guid":{"rendered":"http:\/\/majsterkowanie.edu.pl\/?page_id=98"},"modified":"2026-03-24T10:21:32","modified_gmt":"2026-03-24T10:21:32","slug":"98-2","status":"publish","type":"page","link":"https:\/\/majsterkowanie.edu.pl\/index.php\/98-2\/","title":{"rendered":"AKTUALNO\u015aCI"},"content":{"rendered":"\n<div class=\"wp-block-cover is-light\"><img loading=\"lazy\" decoding=\"async\" width=\"2077\" height=\"1278\" class=\"wp-block-cover__image-background wp-image-131\" alt=\"\" src=\"http:\/\/majsterkowanie.edu.pl\/wp-content\/uploads\/2023\/01\/DSC04004aaa.jpg\" data-object-fit=\"cover\" srcset=\"https:\/\/majsterkowanie.edu.pl\/wp-content\/uploads\/2023\/01\/DSC04004aaa.jpg 2077w, https:\/\/majsterkowanie.edu.pl\/wp-content\/uploads\/2023\/01\/DSC04004aaa-300x185.jpg 300w, https:\/\/majsterkowanie.edu.pl\/wp-content\/uploads\/2023\/01\/DSC04004aaa-1024x630.jpg 1024w, https:\/\/majsterkowanie.edu.pl\/wp-content\/uploads\/2023\/01\/DSC04004aaa-768x473.jpg 768w, https:\/\/majsterkowanie.edu.pl\/wp-content\/uploads\/2023\/01\/DSC04004aaa-1536x945.jpg 1536w, https:\/\/majsterkowanie.edu.pl\/wp-content\/uploads\/2023\/01\/DSC04004aaa-2048x1260.jpg 2048w\" sizes=\"auto, (max-width: 2077px) 100vw, 2077px\" \/><span aria-hidden=\"true\" class=\"wp-block-cover__background has-background-dim-20 has-background-dim\"><\/span><div class=\"wp-block-cover__inner-container is-layout-flow wp-block-cover-is-layout-flow\">\n<p class=\"has-text-align-center has-large-font-size\"><\/p>\n<\/div><\/div>\n\n\n\n<p class=\"has-text-align-center\"><strong>2026.03.17<\/strong> <br>Z\u0142o\u017cyli\u015bmy projekty zaj\u0119\u0107 z majsterkowania do Bud\u017cetu Obywatelskiego<br>Prosimy o podpisanie list poparcia zostawionych w szko\u0142ach. <br><br><strong>2026.02.02<\/strong><br>Wszystkim dzieciom i rodzicom \u017cyczymy udanych ferii,<br>zapraszamy na zaj\u0119cia w nowym semestrze.<br><br><strong>2025.09.19 <\/strong><br>W zak\u0142adce <a href=\"https:\/\/majsterkowanie.edu.pl\/index.php\/terminarz\/\">terminarz <\/a>s\u0105 ju\u017c dost\u0119pne <strong>wst\u0119pne terminy zaj\u0119\u0107<\/strong> w poszczeg\u00f3lnych szko\u0142ach<br>A je\u015bli pogoda dopisze to w pierwszy weekend pa\u017adziernika &#8211; 04.10.2025 <strong>robimy wycieczk\u0119<\/strong> na zapoznanie i po\u017cegnanie lata.<\/p>\n\n\n\n<p class=\"has-text-align-center\"><strong>2025.09.17<\/strong><br>Wiemy \u017ce czekacie na terminy zaj\u0119\u0107 w nowym roku szkolnym <br>ale czekamy jeszcze na informacje z kilku szk\u00f3\u0142 \u017ceby uzupe\u0142ni\u0107 grafik<br> i opublikowa\u0107 terminy zaj\u0119\u0107. Prosimy o cierpliwo\u015b\u0107 \ud83d\ude42<\/p>\n\n\n\n<p class=\"has-text-align-center\"><strong>2025.09.04<\/strong><br>Zbieramy grupy na nowy rok szkolny, tak\u017ce w nowych szko\u0142ach.<br>Je\u015bli masz dziecko zainteresowane zaj\u0119ciami prosimy o kontakt telefon\/mail.<br><br><strong>2025.08.25<\/strong><br>Ju\u017c za tydzie\u0144 koniec wakacji!<br>A w nowym roku szkolnym na nowo ruszamy z zaj\u0119ciami!<br>Terminy zaj\u0119\u0107 w trakcie ustalania&#8230;<br><br><strong>2025.06.30 <\/strong><br>\u017byczymy udanych wakacji! <br><br>&#8230;.<br><br><strong>2024.08.26<\/strong> <br>Ju\u017c za tydzie\u0144 rusza nowy rok szkolny!<br>Ruszamy tak\u017ce z zapisami na kolejny rok zaj\u0119\u0107<br>Je\u015bli chcesz si\u0119 zapisa\u0107 zapraszamy!<br><br><strong>2024.07.01<\/strong><br>Dzi\u0119kujemy za kolejny rok pracy i zabawy!<br>\u017byczymy wszystkim udanych wakacji! \ud83d\ude42<br><br><strong>2024.05.13<\/strong> <br>Przypominamy \u017ce w bie\u017c\u0105cym tygodniu odbywaj\u0105 si\u0119 egzaminu \u00f3smoklasist\u00f3w.<br>W wi\u0119kszo\u015bci szk\u00f3\u0142 nie ma zaj\u0119\u0107 dydaktycznych jednak \u015bwietlice dzia\u0142aj\u0105. <br>Nasze zaj\u0119cia si\u0119 odbywaj\u0105 si\u0119 normalnie lub wed\u0142ug zmienionego planu &#8211; <a href=\"http:\/\/majsterkowanie.edu.pl\/index.php\/terminarz\/\">terminarz.<\/a><br>Zapraszamy<br><strong><br>2024.04.29<\/strong><br>W czasie maj\u00f3wki szko\u0142y s\u0105 zamkni\u0119te, nie prowadzimy zaj\u0119\u0107.<br>Jednocze\u015bnie maj jest d\u0142ugi wi\u0119c uda si\u0119 zorganizowa\u0107 standardowo cztery spotkania.<br><br><strong>2024.01.10 <\/strong><br>W czasie ferii zimowych jeszcze wi\u0119cej majsterkowania, konkretny temat<br>Rozpoczynamy zapisy na nasz\u0105 <a href=\"http:\/\/majsterkowanie.edu.pl\/index.php\/kolonia-1\/\">p\u00f3\u0142koloni\u0119 kosmiczn\u0105<\/a>! <br>Zapraszamy kosmit\u00f3w i kosmitki!<br><br><strong>2023.11.30<\/strong><br>Z okazji zbli\u017caj\u0105cych si\u0119 \u015bwi\u0105t zapraszamy na warsztaty \u015bwi\u0105teczne dzieci i rodzic\u00f3w.<br>Warsztaty w kilku szko\u0142ach do wyboru w terminach 13\/14\/15.12.2023<br>Informacje i zg\u0142oszenia tutaj: <a href=\"http:\/\/majsterkowanie.edu.pl\/index.php\/swieta\/\">Warsztaty \u015awi\u0105teczne<\/a><br><br><strong>2023.10.30<\/strong><br>W zak\u0142adce terminarz dodali\u015bmy daty zaj\u0119\u0107 w pa\u017adzierniku, listopadzie, grudniu<br>w tym tak\u017ce zaj\u0119\u0107 w okresie Wszystkich \u015awi\u0119tych.<br><br><strong>2023.09.12<\/strong><br>W zak\u0142adce &#8222;terminarz&#8221; dodane dni i godziny zaj\u0119\u0107 w szko\u0142ach.<br>W niekt\u00f3rych rozpoczynamy w przysz\u0142ym tygodniu. Zapraszamy!<br><br><strong>2023.09.05<\/strong><br>Witamy nowy rok szkolny! Nareszcie! \ud83d\ude1b<br>Kontynuujemy zaj\u0119cia w dotychczasowych szko\u0142ach i dodajemy kolejne.<br>Zaczynamy w drugiej po\u0142owie wrze\u015bnia.<br>Terminy zaj\u0119\u0107 ju\u017c wkr\u00f3tce w zak\u0142adce &#8222;TERMINARZ&#8221;<br><br><strong>2023.08.24<\/strong><br>Ju\u017c za dwa tygodnie zaczynamy nowy rok szkolny i kolejny rok zaj\u0119\u0107.<br>Zaj\u0119cia b\u0119dziemy prowadzi\u0107 tak\u017ce w kilku nowych szko\u0142ach.<br>Je\u015bli chcesz si\u0119 zapisa\u0107 lub kontynuowa\u0107 majsterkowanie &#8211; zapraszamy do kontaktu!<br><br><strong>2023.07.01<\/strong><br>Zako\u0144czyli\u015bmy rok szkolny i majsterkowy!<br>Dzi\u0119kujemy za bardzo udan\u0105 i kreatywn\u0105 wsp\u00f3\u0142prac\u0119.<br>Wszystkim ma\u0142ym majsterkowiczom \u017cyczymy udanych wakacji! \ud83d\ude42 <br><br><strong><em>2023.04.28<\/em><\/strong> <br>W przysz\u0142ym tygodniu z okazji \u015bwi\u0105t majowych nie prowadzimy zaj\u0119\u0107 w \u017cadnej szkole.<br>Natomiast nadal pozostaj\u0105 cztery tygodnie regularnych zaj\u0119\u0107 w maju.<br><br><strong><em>2023.04.11<\/em><\/strong> <br>Ze wzgl\u0119du na \u015bwi\u0119ta zaj\u0119cia poniedzia\u0142kowe w szkole SP157 przenosimy na pi\u0105tek na godziny 13.00 i 14.00<br><br><em><strong>2023.03.29<\/strong><\/em><br>Ze wzgl\u0119du na plan lekcji i dost\u0119pno\u015b\u0107 sali musimy przesun\u0105\u0107 godzin\u0119 zaj\u0119\u0107 w SP162 na 14.30<br><br><strong><em>2023.03.11<\/em><\/strong><br>Najbli\u017csze zaj\u0119cia w szkole podstawowej nr 157 przenosimy jednorazowo z poniedzia\u0142ku na pi\u0105tek 14.30<br>W ten sam pi\u0105tek zorganizujemy ponownie pierwsze zaj\u0119cia dla os\u00f3b kt\u00f3re dopisa\u0142y si\u0119 z op\u00f3\u017anieniem o 13.30<br><br><em><strong>2023.03.07<\/strong> <\/em><br><s>W ten pi\u0105tek o 13.30 (2023.03.10) odb\u0119d\u0105 si\u0119 dodatkowe pierwsze zaj\u0119cia w Szkole Podstawowej nr 157<\/s><br>&#8211; przeniesione na kolejny pi\u0105tek czyli 2023.03.17 <br><br><strong><em>2023.03.03 <\/em><\/strong><br>W zak\u0142adce <a href=\"http:\/\/majsterkowanie.edu.pl\/index.php\/terminarz\/\">terminarz <\/a>dodali\u015bmy nowe sta\u0142e godziny zaj\u0119\u0107 cyklicznych w szkole SP55, SP162, SP157<br><br><strong><em>2023.02.27<\/em> <\/strong><br>W tym tygodniu zapraszamy na zaj\u0119cia wst\u0119pne-pokazowe w szko\u0142ach SP55, SP162, SP157<br>wi\u0119cej informacji <a href=\"http:\/\/majsterkowanie.edu.pl\/index.php\/terminarz\/\">tutaj<\/a><\/p>\n\n\n\n<p class=\"has-text-align-center\"><strong><em>2023.01.09 <\/em><\/strong><br>Witamy na nowej stronie dedykowanej zaj\u0119ciom z majsterkowania! <br>Kilka dni temu uruchomili\u015bmy now\u0105 stron\u0119 i jeste\u015bmy w trakcie jej rozbudowy. <br>Prosimy o wyrozumia\u0142o\u015b\u0107 i konstruktywne uwagi! \ud83d\ude42<br><br><\/p>\n","protected":false},"excerpt":{"rendered":"<p>2026.03.17 Z\u0142o\u017cyli\u015bmy projekty zaj\u0119\u0107 z majsterkowania do Bud\u017cetu ObywatelskiegoProsimy o podpisanie list poparcia zostawionych w szko\u0142ach. 2026.02.02Wszystkim dzieciom i rodzicom \u017cyczymy udanych ferii,zapraszamy na zaj\u0119cia w nowym semestrze. 2025.09.19 W zak\u0142adce terminarz s\u0105 ju\u017c dost\u0119pne wst\u0119pne terminy zaj\u0119\u0107 w poszczeg\u00f3lnych szko\u0142achA je\u015bli pogoda dopisze to w pierwszy weekend pa\u017adziernika &#8211; 04.10.2025 robimy wycieczk\u0119 na zapoznanie&hellip;&nbsp;<a href=\"https:\/\/majsterkowanie.edu.pl\/index.php\/98-2\/\" class=\"\" rel=\"bookmark\">Czytaj dalej &raquo;<span class=\"screen-reader-text\">AKTUALNO\u015aCI<\/span><\/a><\/p>\n","protected":false},"author":1,"featured_media":0,"parent":0,"menu_order":0,"comment_status":"closed","ping_status":"closed","template":"","meta":{"neve_meta_sidebar":"","neve_meta_container":"","neve_meta_enable_content_width":"","neve_meta_content_width":0,"neve_meta_title_alignment":"","neve_meta_author_avatar":"","neve_post_elements_order":"","neve_meta_disable_header":"","neve_meta_disable_footer":"","neve_meta_disable_title":"","footnotes":""},"class_list":["post-98","page","type-page","status-publish","hentry"],"yoast_head":"<!-- This site is optimized with the Yoast SEO plugin v20.4 - https:\/\/yoast.com\/wordpress\/plugins\/seo\/ -->\n<title>AKTUALNO\u015aCI - MAJSTERKOWANIE.edu.pl<\/title>\n<meta name=\"robots\" content=\"index, follow, max-snippet:-1, max-image-preview:large, max-video-preview:-1\" \/>\n<link rel=\"canonical\" href=\"https:\/\/majsterkowanie.edu.pl\/index.php\/98-2\/\" \/>\n<meta property=\"og:locale\" content=\"pl_PL\" \/>\n<meta property=\"og:type\" content=\"article\" \/>\n<meta property=\"og:title\" content=\"AKTUALNO\u015aCI - MAJSTERKOWANIE.edu.pl\" \/>\n<meta property=\"og:description\" content=\"2026.03.17 Z\u0142o\u017cyli\u015bmy projekty zaj\u0119\u0107 z majsterkowania do Bud\u017cetu ObywatelskiegoProsimy o podpisanie list poparcia zostawionych w szko\u0142ach. 2026.02.02Wszystkim dzieciom i rodzicom \u017cyczymy udanych ferii,zapraszamy na zaj\u0119cia w nowym semestrze. 2025.09.19 W zak\u0142adce terminarz s\u0105 ju\u017c dost\u0119pne wst\u0119pne terminy zaj\u0119\u0107 w poszczeg\u00f3lnych szko\u0142achA je\u015bli pogoda dopisze to w pierwszy weekend pa\u017adziernika &#8211; 04.10.2025 robimy wycieczk\u0119 na zapoznanie&hellip;&nbsp;Czytaj dalej &raquo;AKTUALNO\u015aCI\" \/>\n<meta property=\"og:url\" content=\"https:\/\/majsterkowanie.edu.pl\/index.php\/98-2\/\" \/>\n<meta property=\"og:site_name\" content=\"MAJSTERKOWANIE.edu.pl\" \/>\n<meta property=\"article:modified_time\" content=\"2026-03-24T10:21:32+00:00\" \/>\n<meta property=\"og:image\" content=\"http:\/\/majsterkowanie.edu.pl\/wp-content\/uploads\/2023\/01\/DSC04004aaa.jpg\" \/>\n<meta name=\"twitter:card\" content=\"summary_large_image\" \/>\n<meta name=\"twitter:label1\" content=\"Szacowany czas czytania\" \/>\n\t<meta name=\"twitter:data1\" content=\"4 minuty\" \/>\n<script type=\"application\/ld+json\" class=\"yoast-schema-graph\">{\"@context\":\"https:\/\/schema.org\",\"@graph\":[{\"@type\":\"WebPage\",\"@id\":\"https:\/\/majsterkowanie.edu.pl\/index.php\/98-2\/\",\"url\":\"https:\/\/majsterkowanie.edu.pl\/index.php\/98-2\/\",\"name\":\"AKTUALNO\u015aCI - MAJSTERKOWANIE.edu.pl\",\"isPartOf\":{\"@id\":\"http:\/\/majsterkowanie.edu.pl\/#website\"},\"datePublished\":\"2023-01-17T12:16:00+00:00\",\"dateModified\":\"2026-03-24T10:21:32+00:00\",\"breadcrumb\":{\"@id\":\"https:\/\/majsterkowanie.edu.pl\/index.php\/98-2\/#breadcrumb\"},\"inLanguage\":\"pl-PL\",\"potentialAction\":[{\"@type\":\"ReadAction\",\"target\":[\"https:\/\/majsterkowanie.edu.pl\/index.php\/98-2\/\"]}]},{\"@type\":\"BreadcrumbList\",\"@id\":\"https:\/\/majsterkowanie.edu.pl\/index.php\/98-2\/#breadcrumb\",\"itemListElement\":[{\"@type\":\"ListItem\",\"position\":1,\"name\":\"Strona g\u0142\u00f3wna\",\"item\":\"http:\/\/majsterkowanie.edu.pl\/\"},{\"@type\":\"ListItem\",\"position\":2,\"name\":\"AKTUALNO\u015aCI\"}]},{\"@type\":\"WebSite\",\"@id\":\"http:\/\/majsterkowanie.edu.pl\/#website\",\"url\":\"http:\/\/majsterkowanie.edu.pl\/\",\"name\":\"MAJSTERKOWANIE.edu.pl\",\"description\":\"kreatywne zaj\u0119cia dla dzieci\",\"publisher\":{\"@id\":\"http:\/\/majsterkowanie.edu.pl\/#organization\"},\"potentialAction\":[{\"@type\":\"SearchAction\",\"target\":{\"@type\":\"EntryPoint\",\"urlTemplate\":\"http:\/\/majsterkowanie.edu.pl\/?s={search_term_string}\"},\"query-input\":\"required name=search_term_string\"}],\"inLanguage\":\"pl-PL\"},{\"@type\":\"Organization\",\"@id\":\"http:\/\/majsterkowanie.edu.pl\/#organization\",\"name\":\"MAJSTERKOWANIE.edu.pl\",\"url\":\"http:\/\/majsterkowanie.edu.pl\/\",\"logo\":{\"@type\":\"ImageObject\",\"inLanguage\":\"pl-PL\",\"@id\":\"http:\/\/majsterkowanie.edu.pl\/#\/schema\/logo\/image\/\",\"url\":\"https:\/\/majsterkowanie.edu.pl\/wp-content\/uploads\/2023\/01\/narzedzia.png\",\"contentUrl\":\"https:\/\/majsterkowanie.edu.pl\/wp-content\/uploads\/2023\/01\/narzedzia.png\",\"width\":130,\"height\":130,\"caption\":\"MAJSTERKOWANIE.edu.pl\"},\"image\":{\"@id\":\"http:\/\/majsterkowanie.edu.pl\/#\/schema\/logo\/image\/\"}}]}<\/script>\n<!-- \/ Yoast SEO plugin. -->","yoast_head_json":{"title":"AKTUALNO\u015aCI - MAJSTERKOWANIE.edu.pl","robots":{"index":"index","follow":"follow","max-snippet":"max-snippet:-1","max-image-preview":"max-image-preview:large","max-video-preview":"max-video-preview:-1"},"canonical":"https:\/\/majsterkowanie.edu.pl\/index.php\/98-2\/","og_locale":"pl_PL","og_type":"article","og_title":"AKTUALNO\u015aCI - MAJSTERKOWANIE.edu.pl","og_description":"2026.03.17 Z\u0142o\u017cyli\u015bmy projekty zaj\u0119\u0107 z majsterkowania do Bud\u017cetu ObywatelskiegoProsimy o podpisanie list poparcia zostawionych w szko\u0142ach. 2026.02.02Wszystkim dzieciom i rodzicom \u017cyczymy udanych ferii,zapraszamy na zaj\u0119cia w nowym semestrze. 2025.09.19 W zak\u0142adce terminarz s\u0105 ju\u017c dost\u0119pne wst\u0119pne terminy zaj\u0119\u0107 w poszczeg\u00f3lnych szko\u0142achA je\u015bli pogoda dopisze to w pierwszy weekend pa\u017adziernika &#8211; 04.10.2025 robimy wycieczk\u0119 na zapoznanie&hellip;&nbsp;Czytaj dalej &raquo;AKTUALNO\u015aCI","og_url":"https:\/\/majsterkowanie.edu.pl\/index.php\/98-2\/","og_site_name":"MAJSTERKOWANIE.edu.pl","article_modified_time":"2026-03-24T10:21:32+00:00","og_image":[{"url":"http:\/\/majsterkowanie.edu.pl\/wp-content\/uploads\/2023\/01\/DSC04004aaa.jpg"}],"twitter_card":"summary_large_image","twitter_misc":{"Szacowany czas czytania":"4 minuty"},"schema":{"@context":"https:\/\/schema.org","@graph":[{"@type":"WebPage","@id":"https:\/\/majsterkowanie.edu.pl\/index.php\/98-2\/","url":"https:\/\/majsterkowanie.edu.pl\/index.php\/98-2\/","name":"AKTUALNO\u015aCI - MAJSTERKOWANIE.edu.pl","isPartOf":{"@id":"http:\/\/majsterkowanie.edu.pl\/#website"},"datePublished":"2023-01-17T12:16:00+00:00","dateModified":"2026-03-24T10:21:32+00:00","breadcrumb":{"@id":"https:\/\/majsterkowanie.edu.pl\/index.php\/98-2\/#breadcrumb"},"inLanguage":"pl-PL","potentialAction":[{"@type":"ReadAction","target":["https:\/\/majsterkowanie.edu.pl\/index.php\/98-2\/"]}]},{"@type":"BreadcrumbList","@id":"https:\/\/majsterkowanie.edu.pl\/index.php\/98-2\/#breadcrumb","itemListElement":[{"@type":"ListItem","position":1,"name":"Strona g\u0142\u00f3wna","item":"http:\/\/majsterkowanie.edu.pl\/"},{"@type":"ListItem","position":2,"name":"AKTUALNO\u015aCI"}]},{"@type":"WebSite","@id":"http:\/\/majsterkowanie.edu.pl\/#website","url":"http:\/\/majsterkowanie.edu.pl\/","name":"MAJSTERKOWANIE.edu.pl","description":"kreatywne zaj\u0119cia dla dzieci","publisher":{"@id":"http:\/\/majsterkowanie.edu.pl\/#organization"},"potentialAction":[{"@type":"SearchAction","target":{"@type":"EntryPoint","urlTemplate":"http:\/\/majsterkowanie.edu.pl\/?s={search_term_string}"},"query-input":"required name=search_term_string"}],"inLanguage":"pl-PL"},{"@type":"Organization","@id":"http:\/\/majsterkowanie.edu.pl\/#organization","name":"MAJSTERKOWANIE.edu.pl","url":"http:\/\/majsterkowanie.edu.pl\/","logo":{"@type":"ImageObject","inLanguage":"pl-PL","@id":"http:\/\/majsterkowanie.edu.pl\/#\/schema\/logo\/image\/","url":"https:\/\/majsterkowanie.edu.pl\/wp-content\/uploads\/2023\/01\/narzedzia.png","contentUrl":"https:\/\/majsterkowanie.edu.pl\/wp-content\/uploads\/2023\/01\/narzedzia.png","width":130,"height":130,"caption":"MAJSTERKOWANIE.edu.pl"},"image":{"@id":"http:\/\/majsterkowanie.edu.pl\/#\/schema\/logo\/image\/"}}]}},"_links":{"self":[{"href":"https:\/\/majsterkowanie.edu.pl\/index.php\/wp-json\/wp\/v2\/pages\/98","targetHints":{"allow":["GET"]}}],"collection":[{"href":"https:\/\/majsterkowanie.edu.pl\/index.php\/wp-json\/wp\/v2\/pages"}],"about":[{"href":"https:\/\/majsterkowanie.edu.pl\/index.php\/wp-json\/wp\/v2\/types\/page"}],"author":[{"embeddable":true,"href":"https:\/\/majsterkowanie.edu.pl\/index.php\/wp-json\/wp\/v2\/users\/1"}],"replies":[{"embeddable":true,"href":"https:\/\/majsterkowanie.edu.pl\/index.php\/wp-json\/wp\/v2\/comments?post=98"}],"version-history":[{"count":37,"href":"https:\/\/majsterkowanie.edu.pl\/index.php\/wp-json\/wp\/v2\/pages\/98\/revisions"}],"predecessor-version":[{"id":779,"href":"https:\/\/majsterkowanie.edu.pl\/index.php\/wp-json\/wp\/v2\/pages\/98\/revisions\/779"}],"wp:attachment":[{"href":"https:\/\/majsterkowanie.edu.pl\/index.php\/wp-json\/wp\/v2\/media?parent=98"}],"curies":[{"name":"wp","href":"https:\/\/api.w.org\/{rel}","templated":true}]}}